{"id":159,"date":"2019-06-11T11:46:07","date_gmt":"2019-06-11T09:46:07","guid":{"rendered":"http:\/\/gite-alrassets-ardeche.com\/?page_id=159"},"modified":"2025-08-20T15:39:53","modified_gmt":"2025-08-20T13:39:53","slug":"les-news","status":"publish","type":"page","link":"https:\/\/gite-alrassets-ardeche.com\/index.php\/les-news\/","title":{"rendered":"Les News pratiques"},"content":{"rendered":"\n<h3 class=\"wp-block-heading has-text-align-center\">Infos pratiques et liens :<\/h3>\n\n\n\n<h4 class=\"wp-block-heading has-text-align-center\"><strong>Mairie de St Pierre St Jean<\/strong><\/h4>\n\n\n\n<div class=\"wp-block-columns is-layout-flex wp-container-core-columns-is-layout-9d6595d7 wp-block-columns-is-layout-flex\">\n<div class=\"wp-block-column is-layout-flow wp-block-column-is-layout-flow\" style=\"flex-basis:100%\">\n<div class=\"wp-block-group alignwide\"><div class=\"wp-block-group__inner-container is-layout-flow wp-block-group-is-layout-flow\">\n<div class=\"wp-block-media-text alignwide is-stacked-on-mobile has-cyan-bluish-gray-background-color has-background\" style=\"grid-template-columns:20% auto\"><figure class=\"wp-block-media-text__media\"><img loading=\"lazy\" decoding=\"async\" width=\"1024\" height=\"768\" src=\"https:\/\/gite-alrassets-ardeche.com\/wp-content\/uploads\/2022\/04\/Mairie-St-Pierre-St-Jean-01-1024x768.jpg\" alt=\"\" class=\"wp-image-877 size-full\" srcset=\"https:\/\/gite-alrassets-ardeche.com\/wp-content\/uploads\/2022\/04\/Mairie-St-Pierre-St-Jean-01-1024x768.jpg 1024w, https:\/\/gite-alrassets-ardeche.com\/wp-content\/uploads\/2022\/04\/Mairie-St-Pierre-St-Jean-01-300x225.jpg 300w, https:\/\/gite-alrassets-ardeche.com\/wp-content\/uploads\/2022\/04\/Mairie-St-Pierre-St-Jean-01-768x576.jpg 768w, https:\/\/gite-alrassets-ardeche.com\/wp-content\/uploads\/2022\/04\/Mairie-St-Pierre-St-Jean-01-1536x1152.jpg 1536w, https:\/\/gite-alrassets-ardeche.com\/wp-content\/uploads\/2022\/04\/Mairie-St-Pierre-St-Jean-01.jpg 1600w\" sizes=\"auto, (max-width: 1024px) 100vw, 1024px\" \/><\/figure><div class=\"wp-block-media-text__content\">\n<p class=\"has-text-align-center has-normal-font-size\"><a href=\"https:\/\/www.saintpierresaintjean.fr\" target=\"_blank\" rel=\"noreferrer noopener\">https:\/\/www.saintpierresaintjean.fr<\/a><\/p>\n\n\n\n<p><\/p>\n<\/div><\/div>\n\n\n\n<h4 class=\"wp-block-heading has-text-align-center\">Ch\u00e2taigne <strong>d&rsquo;Ard\u00e8che<\/strong><\/h4>\n\n\n\n<div class=\"wp-block-media-text alignwide is-stacked-on-mobile has-cyan-bluish-gray-background-color has-background\" style=\"grid-template-columns:20% auto\"><figure class=\"wp-block-media-text__media\"><a href=\"https:\/\/www.chataigne-ardeche.com\/\" target=\"_blank\" rel=\"https:\/\/www.chataigne-ardeche.com\/ noreferrer noopener\"><img loading=\"lazy\" decoding=\"async\" width=\"135\" height=\"141\" src=\"https:\/\/gite-alrassets-ardeche.com\/wp-content\/uploads\/2025\/08\/logo-chataigne-ardeche.png\" alt=\"\" class=\"wp-image-973 size-full\"\/><\/a><\/figure><div class=\"wp-block-media-text__content\">\n<p class=\"has-text-align-center has-normal-font-size\"><a href=\"https:\/\/www.chataigne-ardeche.com\/\" target=\"_blank\" rel=\"noreferrer noopener\">https:\/\/<\/a><a href=\"https:\/\/www.chataigne-ardeche.com\/\">www.chataigne-ardeche<\/a><\/p>\n<\/div><\/div>\n\n\n\n<h4 class=\"wp-block-heading has-text-align-center\">Office de Tourisme C\u00e9vennes d&rsquo;Ard\u00e8che<\/h4>\n\n\n\n<div class=\"wp-block-media-text alignwide is-stacked-on-mobile has-cyan-bluish-gray-background-color has-background\" style=\"grid-template-columns:20% auto\"><figure class=\"wp-block-media-text__media\"><img loading=\"lazy\" decoding=\"async\" width=\"427\" height=\"308\" src=\"http:\/\/gite-alrassets-ardeche.com\/wp-content\/uploads\/2020\/01\/Cevennes_d_Ardeche-e1579712901886.jpg\" alt=\"\" class=\"wp-image-347 size-full\"\/><\/figure><div class=\"wp-block-media-text__content\">\n<p class=\"has-text-align-center has-normal-font-size\"><a href=\"https:\/\/www.cevennes-ardeche.com\/\" target=\"_blank\" rel=\"noreferrer noopener\">https:\/\/www.cevennes-ardeche.com\/<\/a><\/p>\n<\/div><\/div>\n<\/div><\/div>\n<\/div>\n<\/div>\n\n\n\n<h4 class=\"wp-block-heading has-text-align-center\"><strong>Parc Naturel R\u00e9gional<\/strong><\/h4>\n\n\n\n<div class=\"wp-block-columns is-layout-flex wp-container-core-columns-is-layout-9d6595d7 wp-block-columns-is-layout-flex\">\n<div class=\"wp-block-column is-layout-flow wp-block-column-is-layout-flow\" style=\"flex-basis:100%\">\n<div class=\"wp-block-group alignwide\"><div class=\"wp-block-group__inner-container is-layout-flow wp-block-group-is-layout-flow\">\n<div class=\"wp-block-media-text alignwide is-stacked-on-mobile is-vertically-aligned-center has-cyan-bluish-gray-background-color has-background\" style=\"grid-template-columns:15% auto\"><figure class=\"wp-block-media-text__media\"><img loading=\"lazy\" decoding=\"async\" width=\"70\" height=\"93\" src=\"https:\/\/gite-alrassets-ardeche.com\/wp-content\/uploads\/2019\/06\/logo-parc-naturel-ardeche.png\" alt=\"\" class=\"wp-image-111 size-full\"\/><\/figure><div class=\"wp-block-media-text__content\">\n<p class=\"has-text-align-center\"><a href=\"http:\/\/www.parc-monts-ardeche.fr\/\" target=\"_blank\" rel=\"noreferrer noopener\">http:\/\/www.parc-monts-ardeche.fr\/<\/a><\/p>\n<\/div><\/div>\n<\/div><\/div>\n<\/div>\n<\/div>\n\n\n\n<h4 class=\"wp-block-heading has-text-align-center\"><strong>Randonn\u00e9es<\/strong><\/h4>\n\n\n\n<div class=\"wp-block-media-text alignwide is-stacked-on-mobile has-cyan-bluish-gray-background-color has-background\" style=\"grid-template-columns:15% auto\"><figure class=\"wp-block-media-text__media\"><img loading=\"lazy\" decoding=\"async\" width=\"274\" height=\"92\" src=\"http:\/\/gite-alrassets-ardeche.com\/wp-content\/uploads\/2019\/06\/logocouleursrando.png\" alt=\"\" class=\"wp-image-273 size-full\"\/><\/figure><div class=\"wp-block-media-text__content\">\n<div class=\"wp-block-columns is-layout-flex wp-container-core-columns-is-layout-9d6595d7 wp-block-columns-is-layout-flex\">\n<div class=\"wp-block-column is-layout-flow wp-block-column-is-layout-flow\" style=\"flex-basis:100%\">\n<p class=\"has-cyan-bluish-gray-background-color has-background\"><a href=\"http:\/\/www.surlespasdesmuletiers.com\/\">http:\/\/www.surlespasdesmuletiers.com\/<\/a><img loading=\"lazy\" decoding=\"async\" width=\"150\" height=\"44\" class=\"wp-image-606\" style=\"width: 150px;\" src=\"http:\/\/gite-alrassets-ardeche.com\/wp-content\/uploads\/2020\/02\/Muletier.jpg\" alt=\"\" srcset=\"https:\/\/gite-alrassets-ardeche.com\/wp-content\/uploads\/2020\/02\/Muletier.jpg 343w, https:\/\/gite-alrassets-ardeche.com\/wp-content\/uploads\/2020\/02\/Muletier-300x87.jpg 300w\" sizes=\"auto, (max-width: 150px) 100vw, 150px\" \/><br> <strong>Couleurs Rando<\/strong>, c\u2019est une vingtaine de structures d\u2019h\u00e9bergement regroup\u00e9es pour vous offrir une meilleure qualit\u00e9 d\u2019accueil et des randos de toutes les couleurs.<br> T\u00e9l : 04 75 36 94 60<br> Fax : 04 75 36 95 38<br><\/p>\n<\/div>\n<\/div>\n<\/div><\/div>\n\n\n\n<h4 class=\"wp-block-heading has-text-align-center\"><strong>Mus\u00e9e de la ch\u00e2taigne<\/strong><\/h4>\n\n\n\n<div class=\"wp-block-media-text alignwide is-stacked-on-mobile has-cyan-bluish-gray-background-color has-background\" style=\"grid-template-columns:15% auto\"><figure class=\"wp-block-media-text__media\"><img loading=\"lazy\" decoding=\"async\" width=\"277\" height=\"200\" src=\"http:\/\/gite-alrassets-ardeche.com\/wp-content\/uploads\/2020\/01\/1363940781-musee-chataigneraie-2.jpg\" alt=\"\" class=\"wp-image-385 size-full\"\/><\/figure><div class=\"wp-block-media-text__content\">\n<p class=\"has-cyan-bluish-gray-background-color has-background\"><a href=\"http:\/\/www.castanea-ardeche.com\/\">http:\/\/www.castanea-ardeche.com\/<\/a><\/p>\n<\/div><\/div>\n\n\n\n<h4 class=\"wp-block-heading has-text-align-center\"><strong>Magasins de producteurs<\/strong><\/h4>\n\n\n\n<div class=\"wp-block-media-text alignwide is-stacked-on-mobile has-cyan-bluish-gray-background-color has-background\" style=\"grid-template-columns:15% auto\"><figure class=\"wp-block-media-text__media\"><img loading=\"lazy\" decoding=\"async\" width=\"370\" height=\"370\" src=\"http:\/\/gite-alrassets-ardeche.com\/wp-content\/uploads\/2020\/01\/shop_22.png\" alt=\"\" class=\"wp-image-356 size-full\" srcset=\"https:\/\/gite-alrassets-ardeche.com\/wp-content\/uploads\/2020\/01\/shop_22.png 370w, https:\/\/gite-alrassets-ardeche.com\/wp-content\/uploads\/2020\/01\/shop_22-300x300.png 300w, https:\/\/gite-alrassets-ardeche.com\/wp-content\/uploads\/2020\/01\/shop_22-150x150.png 150w\" sizes=\"auto, (max-width: 370px) 100vw, 370px\" \/><\/figure><div class=\"wp-block-media-text__content\">\n<p class=\"has-text-align-center has-normal-font-size\"><a href=\"http:\/\/www.magasin-de-producteurs.fr\/shop.php?id_shop=22\">Aux Fermes des Rayols<\/a><\/p>\n<\/div><\/div>\n\n\n\n<div class=\"wp-block-media-text alignwide is-stacked-on-mobile is-vertically-aligned-center has-cyan-bluish-gray-background-color has-background\" style=\"grid-template-columns:15% auto\"><figure class=\"wp-block-media-text__media\"><img loading=\"lazy\" decoding=\"async\" width=\"143\" height=\"138\" src=\"http:\/\/gite-alrassets-ardeche.com\/wp-content\/uploads\/2020\/01\/ARDECHE-ALUNA-FESTIVAL-.jpg\" alt=\"\" class=\"wp-image-372 size-full\"\/><\/figure><div class=\"wp-block-media-text__content\">\n<p class=\"has-text-align-center has-normal-font-size\"><a href=\"https:\/\/aluna-festival.fr\/\">https:\/\/aluna-festival.fr\/<\/a><\/p>\n<\/div><\/div>\n\n\n\n<h4 class=\"wp-block-heading has-text-align-center\"><strong>Divers<\/strong><\/h4>\n\n\n\n<figure class=\"wp-block-image size-large\"><br \/>\n<table style=\"width: 100%; border-collapse: collapse; border-style: solid; border-color: #8f8b8b;\" border=\"2\">\n<tbody>\n<tr>\n<td style=\"width: 49.8779%;\"><a href=\"https:\/\/ardeche.ffrandonnee.fr\/\"><img loading=\"lazy\" decoding=\"async\" width=\"240\" height=\"87\" class=\"wp-image-552\" src=\"https:\/\/gite-alrassets-ardeche.com\/wp-content\/uploads\/2020\/02\/logo-ardeche-ffrandonnee-a-utiliser.jpg\" alt=\"\" \/><\/a><br \/><a href=\"https:\/\/ardeche.ffrandonnee.fr\/\">https:\/\/ardeche.ffrandonnee.fr\/<\/a><\/td>\n<td style=\"width: 50.1221%;\"><strong>S\u00e9jour les Trois Ard\u00e8che 2020 :<\/strong> Vous \u00eates licenci\u00e9s FFRandonn\u00e9e? Vous souhaitez d\u00e9couvrir de beaux paysages accompagn\u00e9s par des animateurs locaux amoureux de leur d\u00e9partement? Le S\u00e9jour les Trois Ard\u00e8che est pour vous&#8230;.<\/td>\n<\/tr>\n<\/tbody>\n<\/table>\n<figcaption><\/figcaption>\n<\/figure>\n\n\n\n<p><\/p>\n","protected":false},"excerpt":{"rendered":"<p>Infos pratiques et liens : Mairie de St Pierre St Jean https:\/\/www.saintpierresaintjean.fr Ch\u00e2taigne d&rsquo;Ard\u00e8che https:\/\/www.chataigne-ardeche Office de Tourisme C\u00e9vennes d&rsquo;Ard\u00e8che https:\/\/www.cevennes-ardeche.com\/ Parc Naturel R\u00e9gional http:\/\/www.parc-monts-ardeche.fr\/ Randonn\u00e9es Mus\u00e9e de la ch\u00e2taigne http:\/\/www.castanea-ardeche.com\/ Magasins de producteurs Aux Fermes des Rayols https:\/\/aluna-festival.fr\/ Divers https:\/\/ardeche.ffrandonnee.fr\/ S\u00e9jour les Trois Ard\u00e8che 2020 : Vous \u00eates licenci\u00e9s FFRandonn\u00e9e? Vous souhaitez d\u00e9couvrir de&hellip;&nbsp;<a href=\"https:\/\/gite-alrassets-ardeche.com\/index.php\/les-news\/\" rel=\"bookmark\">Lire la suite &raquo;<span class=\"screen-reader-text\">Les News pratiques<\/span><\/a><\/p>\n","protected":false},"author":1,"featured_media":0,"parent":0,"menu_order":0,"comment_status":"closed","ping_status":"closed","template":"","meta":{"neve_meta_sidebar":"","neve_meta_container":"","neve_meta_enable_content_width":"","neve_meta_content_width":0,"neve_meta_title_alignment":"","neve_meta_author_avatar":"","neve_post_elements_order":"","neve_meta_disable_header":"","neve_meta_disable_footer":"","neve_meta_disable_title":"","footnotes":""},"class_list":["post-159","page","type-page","status-publish","hentry"],"yoast_head":"<!-- This site is optimized with the Yoast SEO plugin v27.4 - https:\/\/yoast.com\/product\/yoast-seo-wordpress\/ -->\n<title>Les News pratiques - Les alrassets<\/title>\n<meta name=\"robots\" content=\"index, follow, max-snippet:-1, max-image-preview:large, max-video-preview:-1\" \/>\n<link rel=\"canonical\" href=\"https:\/\/gite-alrassets-ardeche.com\/index.php\/les-news\/\" \/>\n<meta property=\"og:locale\" content=\"fr_FR\" \/>\n<meta property=\"og:type\" content=\"article\" \/>\n<meta property=\"og:title\" content=\"Les News pratiques - Les alrassets\" \/>\n<meta property=\"og:description\" content=\"Infos pratiques et liens : Mairie de St Pierre St Jean https:\/\/www.saintpierresaintjean.fr Ch\u00e2taigne d&rsquo;Ard\u00e8che https:\/\/www.chataigne-ardeche Office de Tourisme C\u00e9vennes d&rsquo;Ard\u00e8che https:\/\/www.cevennes-ardeche.com\/ Parc Naturel R\u00e9gional http:\/\/www.parc-monts-ardeche.fr\/ Randonn\u00e9es Mus\u00e9e de la ch\u00e2taigne http:\/\/www.castanea-ardeche.com\/ Magasins de producteurs Aux Fermes des Rayols https:\/\/aluna-festival.fr\/ Divers https:\/\/ardeche.ffrandonnee.fr\/ S\u00e9jour les Trois Ard\u00e8che 2020 : Vous \u00eates licenci\u00e9s FFRandonn\u00e9e? Vous souhaitez d\u00e9couvrir de&hellip;&nbsp;Lire la suite &raquo;Les News pratiques\" \/>\n<meta property=\"og:url\" content=\"https:\/\/gite-alrassets-ardeche.com\/index.php\/les-news\/\" \/>\n<meta property=\"og:site_name\" content=\"Les alrassets\" \/>\n<meta property=\"article:modified_time\" content=\"2025-08-20T13:39:53+00:00\" \/>\n<meta property=\"og:image\" content=\"https:\/\/gite-alrassets-ardeche.com\/wp-content\/uploads\/2022\/04\/Mairie-St-Pierre-St-Jean-01.jpg\" \/>\n\t<meta property=\"og:image:width\" content=\"1600\" \/>\n\t<meta property=\"og:image:height\" content=\"1200\" \/>\n\t<meta property=\"og:image:type\" content=\"image\/jpeg\" \/>\n<meta name=\"twitter:card\" content=\"summary_large_image\" \/>\n<meta name=\"twitter:label1\" content=\"Dur\u00e9e de lecture estim\u00e9e\" \/>\n\t<meta name=\"twitter:data1\" content=\"3 minutes\" \/>\n<script type=\"application\/ld+json\" class=\"yoast-schema-graph\">{\"@context\":\"https:\\\/\\\/schema.org\",\"@graph\":[{\"@type\":\"WebPage\",\"@id\":\"https:\\\/\\\/gite-alrassets-ardeche.com\\\/index.php\\\/les-news\\\/\",\"url\":\"https:\\\/\\\/gite-alrassets-ardeche.com\\\/index.php\\\/les-news\\\/\",\"name\":\"Les News pratiques - Les alrassets\",\"isPartOf\":{\"@id\":\"https:\\\/\\\/gite-alrassets-ardeche.com\\\/#website\"},\"primaryImageOfPage\":{\"@id\":\"https:\\\/\\\/gite-alrassets-ardeche.com\\\/index.php\\\/les-news\\\/#primaryimage\"},\"image\":{\"@id\":\"https:\\\/\\\/gite-alrassets-ardeche.com\\\/index.php\\\/les-news\\\/#primaryimage\"},\"thumbnailUrl\":\"https:\\\/\\\/gite-alrassets-ardeche.com\\\/wp-content\\\/uploads\\\/2022\\\/04\\\/Mairie-St-Pierre-St-Jean-01-1024x768.jpg\",\"datePublished\":\"2019-06-11T09:46:07+00:00\",\"dateModified\":\"2025-08-20T13:39:53+00:00\",\"breadcrumb\":{\"@id\":\"https:\\\/\\\/gite-alrassets-ardeche.com\\\/index.php\\\/les-news\\\/#breadcrumb\"},\"inLanguage\":\"fr-FR\",\"potentialAction\":[{\"@type\":\"ReadAction\",\"target\":[\"https:\\\/\\\/gite-alrassets-ardeche.com\\\/index.php\\\/les-news\\\/\"]}]},{\"@type\":\"ImageObject\",\"inLanguage\":\"fr-FR\",\"@id\":\"https:\\\/\\\/gite-alrassets-ardeche.com\\\/index.php\\\/les-news\\\/#primaryimage\",\"url\":\"https:\\\/\\\/gite-alrassets-ardeche.com\\\/wp-content\\\/uploads\\\/2022\\\/04\\\/Mairie-St-Pierre-St-Jean-01.jpg\",\"contentUrl\":\"https:\\\/\\\/gite-alrassets-ardeche.com\\\/wp-content\\\/uploads\\\/2022\\\/04\\\/Mairie-St-Pierre-St-Jean-01.jpg\",\"width\":1600,\"height\":1200,\"caption\":\"Mairie - St Pierre St Jean\"},{\"@type\":\"BreadcrumbList\",\"@id\":\"https:\\\/\\\/gite-alrassets-ardeche.com\\\/index.php\\\/les-news\\\/#breadcrumb\",\"itemListElement\":[{\"@type\":\"ListItem\",\"position\":1,\"name\":\"Accueil\",\"item\":\"https:\\\/\\\/gite-alrassets-ardeche.com\\\/\"},{\"@type\":\"ListItem\",\"position\":2,\"name\":\"Les News pratiques\"}]},{\"@type\":\"WebSite\",\"@id\":\"https:\\\/\\\/gite-alrassets-ardeche.com\\\/#website\",\"url\":\"https:\\\/\\\/gite-alrassets-ardeche.com\\\/\",\"name\":\"gite-alrassets-ardeche\",\"description\":\"\",\"publisher\":{\"@id\":\"https:\\\/\\\/gite-alrassets-ardeche.com\\\/#organization\"},\"potentialAction\":[{\"@type\":\"SearchAction\",\"target\":{\"@type\":\"EntryPoint\",\"urlTemplate\":\"https:\\\/\\\/gite-alrassets-ardeche.com\\\/?s={search_term_string}\"},\"query-input\":{\"@type\":\"PropertyValueSpecification\",\"valueRequired\":true,\"valueName\":\"search_term_string\"}}],\"inLanguage\":\"fr-FR\"},{\"@type\":\"Organization\",\"@id\":\"https:\\\/\\\/gite-alrassets-ardeche.com\\\/#organization\",\"name\":\"Les Alrassets - G\u00eete Rural\",\"url\":\"https:\\\/\\\/gite-alrassets-ardeche.com\\\/\",\"logo\":{\"@type\":\"ImageObject\",\"inLanguage\":\"fr-FR\",\"@id\":\"https:\\\/\\\/gite-alrassets-ardeche.com\\\/#\\\/schema\\\/logo\\\/image\\\/\",\"url\":\"https:\\\/\\\/gite-alrassets-ardeche.com\\\/wp-content\\\/uploads\\\/2019\\\/06\\\/Icon-Gite110619.jpg\",\"contentUrl\":\"https:\\\/\\\/gite-alrassets-ardeche.com\\\/wp-content\\\/uploads\\\/2019\\\/06\\\/Icon-Gite110619.jpg\",\"width\":150,\"height\":150,\"caption\":\"Les Alrassets - G\u00eete Rural\"},\"image\":{\"@id\":\"https:\\\/\\\/gite-alrassets-ardeche.com\\\/#\\\/schema\\\/logo\\\/image\\\/\"}}]}<\/script>\n<!-- \/ Yoast SEO plugin. -->","yoast_head_json":{"title":"Les News pratiques - Les alrassets","robots":{"index":"index","follow":"follow","max-snippet":"max-snippet:-1","max-image-preview":"max-image-preview:large","max-video-preview":"max-video-preview:-1"},"canonical":"https:\/\/gite-alrassets-ardeche.com\/index.php\/les-news\/","og_locale":"fr_FR","og_type":"article","og_title":"Les News pratiques - Les alrassets","og_description":"Infos pratiques et liens : Mairie de St Pierre St Jean https:\/\/www.saintpierresaintjean.fr Ch\u00e2taigne d&rsquo;Ard\u00e8che https:\/\/www.chataigne-ardeche Office de Tourisme C\u00e9vennes d&rsquo;Ard\u00e8che https:\/\/www.cevennes-ardeche.com\/ Parc Naturel R\u00e9gional http:\/\/www.parc-monts-ardeche.fr\/ Randonn\u00e9es Mus\u00e9e de la ch\u00e2taigne http:\/\/www.castanea-ardeche.com\/ Magasins de producteurs Aux Fermes des Rayols https:\/\/aluna-festival.fr\/ Divers https:\/\/ardeche.ffrandonnee.fr\/ S\u00e9jour les Trois Ard\u00e8che 2020 : Vous \u00eates licenci\u00e9s FFRandonn\u00e9e? Vous souhaitez d\u00e9couvrir de&hellip;&nbsp;Lire la suite &raquo;Les News pratiques","og_url":"https:\/\/gite-alrassets-ardeche.com\/index.php\/les-news\/","og_site_name":"Les alrassets","article_modified_time":"2025-08-20T13:39:53+00:00","og_image":[{"width":1600,"height":1200,"url":"https:\/\/gite-alrassets-ardeche.com\/wp-content\/uploads\/2022\/04\/Mairie-St-Pierre-St-Jean-01.jpg","type":"image\/jpeg"}],"twitter_card":"summary_large_image","twitter_misc":{"Dur\u00e9e de lecture estim\u00e9e":"3 minutes"},"schema":{"@context":"https:\/\/schema.org","@graph":[{"@type":"WebPage","@id":"https:\/\/gite-alrassets-ardeche.com\/index.php\/les-news\/","url":"https:\/\/gite-alrassets-ardeche.com\/index.php\/les-news\/","name":"Les News pratiques - Les alrassets","isPartOf":{"@id":"https:\/\/gite-alrassets-ardeche.com\/#website"},"primaryImageOfPage":{"@id":"https:\/\/gite-alrassets-ardeche.com\/index.php\/les-news\/#primaryimage"},"image":{"@id":"https:\/\/gite-alrassets-ardeche.com\/index.php\/les-news\/#primaryimage"},"thumbnailUrl":"https:\/\/gite-alrassets-ardeche.com\/wp-content\/uploads\/2022\/04\/Mairie-St-Pierre-St-Jean-01-1024x768.jpg","datePublished":"2019-06-11T09:46:07+00:00","dateModified":"2025-08-20T13:39:53+00:00","breadcrumb":{"@id":"https:\/\/gite-alrassets-ardeche.com\/index.php\/les-news\/#breadcrumb"},"inLanguage":"fr-FR","potentialAction":[{"@type":"ReadAction","target":["https:\/\/gite-alrassets-ardeche.com\/index.php\/les-news\/"]}]},{"@type":"ImageObject","inLanguage":"fr-FR","@id":"https:\/\/gite-alrassets-ardeche.com\/index.php\/les-news\/#primaryimage","url":"https:\/\/gite-alrassets-ardeche.com\/wp-content\/uploads\/2022\/04\/Mairie-St-Pierre-St-Jean-01.jpg","contentUrl":"https:\/\/gite-alrassets-ardeche.com\/wp-content\/uploads\/2022\/04\/Mairie-St-Pierre-St-Jean-01.jpg","width":1600,"height":1200,"caption":"Mairie - St Pierre St Jean"},{"@type":"BreadcrumbList","@id":"https:\/\/gite-alrassets-ardeche.com\/index.php\/les-news\/#breadcrumb","itemListElement":[{"@type":"ListItem","position":1,"name":"Accueil","item":"https:\/\/gite-alrassets-ardeche.com\/"},{"@type":"ListItem","position":2,"name":"Les News pratiques"}]},{"@type":"WebSite","@id":"https:\/\/gite-alrassets-ardeche.com\/#website","url":"https:\/\/gite-alrassets-ardeche.com\/","name":"gite-alrassets-ardeche","description":"","publisher":{"@id":"https:\/\/gite-alrassets-ardeche.com\/#organization"},"potentialAction":[{"@type":"SearchAction","target":{"@type":"EntryPoint","urlTemplate":"https:\/\/gite-alrassets-ardeche.com\/?s={search_term_string}"},"query-input":{"@type":"PropertyValueSpecification","valueRequired":true,"valueName":"search_term_string"}}],"inLanguage":"fr-FR"},{"@type":"Organization","@id":"https:\/\/gite-alrassets-ardeche.com\/#organization","name":"Les Alrassets - G\u00eete Rural","url":"https:\/\/gite-alrassets-ardeche.com\/","logo":{"@type":"ImageObject","inLanguage":"fr-FR","@id":"https:\/\/gite-alrassets-ardeche.com\/#\/schema\/logo\/image\/","url":"https:\/\/gite-alrassets-ardeche.com\/wp-content\/uploads\/2019\/06\/Icon-Gite110619.jpg","contentUrl":"https:\/\/gite-alrassets-ardeche.com\/wp-content\/uploads\/2019\/06\/Icon-Gite110619.jpg","width":150,"height":150,"caption":"Les Alrassets - G\u00eete Rural"},"image":{"@id":"https:\/\/gite-alrassets-ardeche.com\/#\/schema\/logo\/image\/"}}]}},"_links":{"self":[{"href":"https:\/\/gite-alrassets-ardeche.com\/index.php\/wp-json\/wp\/v2\/pages\/159","targetHints":{"allow":["GET"]}}],"collection":[{"href":"https:\/\/gite-alrassets-ardeche.com\/index.php\/wp-json\/wp\/v2\/pages"}],"about":[{"href":"https:\/\/gite-alrassets-ardeche.com\/index.php\/wp-json\/wp\/v2\/types\/page"}],"author":[{"embeddable":true,"href":"https:\/\/gite-alrassets-ardeche.com\/index.php\/wp-json\/wp\/v2\/users\/1"}],"replies":[{"embeddable":true,"href":"https:\/\/gite-alrassets-ardeche.com\/index.php\/wp-json\/wp\/v2\/comments?post=159"}],"version-history":[{"count":53,"href":"https:\/\/gite-alrassets-ardeche.com\/index.php\/wp-json\/wp\/v2\/pages\/159\/revisions"}],"predecessor-version":[{"id":978,"href":"https:\/\/gite-alrassets-ardeche.com\/index.php\/wp-json\/wp\/v2\/pages\/159\/revisions\/978"}],"wp:attachment":[{"href":"https:\/\/gite-alrassets-ardeche.com\/index.php\/wp-json\/wp\/v2\/media?parent=159"}],"curies":[{"name":"wp","href":"https:\/\/api.w.org\/{rel}","templated":true}]}}