{"id":12,"date":"2019-06-03T19:02:19","date_gmt":"2019-06-03T17:02:19","guid":{"rendered":"http:\/\/gite-alrassets-ardeche.com\/?page_id=12"},"modified":"2024-01-18T19:35:03","modified_gmt":"2024-01-18T18:35:03","slug":"legite","status":"publish","type":"page","link":"https:\/\/gite-alrassets-ardeche.com\/index.php\/legite\/","title":{"rendered":"Le g\u00eete"},"content":{"rendered":"\n<p><\/p>\n\n\n\n\n\n<p style=\"text-align: center;\"><span style=\"color: #821d09;\">Le G\u00eete rural <strong>Les Alrassets<\/strong> est une <strong>maison de caract\u00e8re<\/strong> de 1770 construite<br \/><\/span><span style=\"color: #821d09;\">en schiste. Le g\u00eete se pr\u00e9sente sur deux niveaux et comporte <strong>deux parties<br \/><\/strong><\/span><span style=\"color: #821d09;\">qui peuvent \u00eatre lou\u00e9es <\/span><span style=\"color: #821d09;\">s\u00e9par\u00e9ment et accueillir jusqu\u2019\u00e0 <strong>12 personnes<\/strong>.<br \/><br \/>Sur place nous proposons, \u00e0 la demande <strong>des produits de notre ferme<\/strong> :<\/span><br \/><span style=\"color: #821d09;\">confitures, sirop de menthe, pistou, l\u00e9gumes de saison, \u0153ufs, volailles<\/span><br \/><span style=\"color: #821d09;\">ainsi que des <strong>repas<\/strong> compos\u00e9s de produits de notre ferme et<\/span><br \/><span style=\"color: #821d09;\">des <strong>casses-cro\u00fbtes<\/strong> pour les randonneurs.<br \/><\/span><\/p>\n\n\n<div class=\"wp-block-image\">\n<figure class=\"aligncenter size-large\"><img loading=\"lazy\" decoding=\"async\" width=\"1024\" height=\"680\" src=\"https:\/\/gite-alrassets-ardeche.com\/wp-content\/uploads\/2021\/06\/DSC03303-1024x680.jpg\" alt=\"\" class=\"wp-image-787\" srcset=\"https:\/\/gite-alrassets-ardeche.com\/wp-content\/uploads\/2021\/06\/DSC03303-1024x680.jpg 1024w, https:\/\/gite-alrassets-ardeche.com\/wp-content\/uploads\/2021\/06\/DSC03303-300x199.jpg 300w, https:\/\/gite-alrassets-ardeche.com\/wp-content\/uploads\/2021\/06\/DSC03303-768x510.jpg 768w, https:\/\/gite-alrassets-ardeche.com\/wp-content\/uploads\/2021\/06\/DSC03303-1536x1021.jpg 1536w, https:\/\/gite-alrassets-ardeche.com\/wp-content\/uploads\/2021\/06\/DSC03303-2048x1361.jpg 2048w\" sizes=\"auto, (max-width: 1024px) 100vw, 1024px\" \/><\/figure>\n<\/div>\n\n\n<div style=\"height:50px\" aria-hidden=\"true\" class=\"wp-block-spacer\"><\/div>\n\n\n<div class=\"wp-block-image\">\n<figure class=\"aligncenter size-full\"><img loading=\"lazy\" decoding=\"async\" width=\"1008\" height=\"490\" src=\"https:\/\/gite-alrassets-ardeche.com\/wp-content\/uploads\/2024\/01\/Bassin-Les-Alrassets2.jpg\" alt=\"\" class=\"wp-image-932\" srcset=\"https:\/\/gite-alrassets-ardeche.com\/wp-content\/uploads\/2024\/01\/Bassin-Les-Alrassets2.jpg 1008w, https:\/\/gite-alrassets-ardeche.com\/wp-content\/uploads\/2024\/01\/Bassin-Les-Alrassets2-300x146.jpg 300w, https:\/\/gite-alrassets-ardeche.com\/wp-content\/uploads\/2024\/01\/Bassin-Les-Alrassets2-768x373.jpg 768w\" sizes=\"auto, (max-width: 1008px) 100vw, 1008px\" \/><\/figure>\n<\/div>\n\n\n<p><\/p>\n\n\n\n<div class=\"wp-block-columns is-layout-flex wp-container-core-columns-is-layout-9d6595d7 wp-block-columns-is-layout-flex\">\n<div class=\"wp-block-column is-layout-flow wp-block-column-is-layout-flow\">\n<figure class=\"wp-block-image size-large\"><img loading=\"lazy\" decoding=\"async\" width=\"680\" height=\"1024\" src=\"https:\/\/gite-alrassets-ardeche.com\/wp-content\/uploads\/2021\/11\/Page-acceuil2-1-680x1024.jpg\" alt=\"\" class=\"wp-image-858\" srcset=\"https:\/\/gite-alrassets-ardeche.com\/wp-content\/uploads\/2021\/11\/Page-acceuil2-1-680x1024.jpg 680w, https:\/\/gite-alrassets-ardeche.com\/wp-content\/uploads\/2021\/11\/Page-acceuil2-1-199x300.jpg 199w, https:\/\/gite-alrassets-ardeche.com\/wp-content\/uploads\/2021\/11\/Page-acceuil2-1-768x1156.jpg 768w, https:\/\/gite-alrassets-ardeche.com\/wp-content\/uploads\/2021\/11\/Page-acceuil2-1-1021x1536.jpg 1021w, https:\/\/gite-alrassets-ardeche.com\/wp-content\/uploads\/2021\/11\/Page-acceuil2-1-1361x2048.jpg 1361w, https:\/\/gite-alrassets-ardeche.com\/wp-content\/uploads\/2021\/11\/Page-acceuil2-1-scaled.jpg 1701w\" sizes=\"auto, (max-width: 680px) 100vw, 680px\" \/><figcaption class=\"wp-element-caption\">Entr\u00e9e principale du gite<\/figcaption><\/figure>\n<\/div>\n\n\n\n<div class=\"wp-block-column is-layout-flow wp-block-column-is-layout-flow\">\n<figure class=\"wp-block-image size-large\"><img loading=\"lazy\" decoding=\"async\" width=\"1024\" height=\"680\" src=\"https:\/\/gite-alrassets-ardeche.com\/wp-content\/uploads\/2021\/11\/DSC03296-1024x680.jpg\" alt=\"\" class=\"wp-image-859\" srcset=\"https:\/\/gite-alrassets-ardeche.com\/wp-content\/uploads\/2021\/11\/DSC03296-1024x680.jpg 1024w, https:\/\/gite-alrassets-ardeche.com\/wp-content\/uploads\/2021\/11\/DSC03296-300x199.jpg 300w, https:\/\/gite-alrassets-ardeche.com\/wp-content\/uploads\/2021\/11\/DSC03296-768x510.jpg 768w, https:\/\/gite-alrassets-ardeche.com\/wp-content\/uploads\/2021\/11\/DSC03296-1536x1021.jpg 1536w, https:\/\/gite-alrassets-ardeche.com\/wp-content\/uploads\/2021\/11\/DSC03296-2048x1361.jpg 2048w\" sizes=\"auto, (max-width: 1024px) 100vw, 1024px\" \/><\/figure>\n\n\n\n<p><\/p>\n\n\n<div class=\"wp-block-image is-style-rounded\">\n<figure class=\"aligncenter size-large\"><img loading=\"lazy\" decoding=\"async\" width=\"1024\" height=\"680\" src=\"https:\/\/gite-alrassets-ardeche.com\/wp-content\/uploads\/2021\/11\/DSC03288-1024x680.jpg\" alt=\"\" class=\"wp-image-861\" srcset=\"https:\/\/gite-alrassets-ardeche.com\/wp-content\/uploads\/2021\/11\/DSC03288-1024x680.jpg 1024w, https:\/\/gite-alrassets-ardeche.com\/wp-content\/uploads\/2021\/11\/DSC03288-300x199.jpg 300w, https:\/\/gite-alrassets-ardeche.com\/wp-content\/uploads\/2021\/11\/DSC03288-768x510.jpg 768w, https:\/\/gite-alrassets-ardeche.com\/wp-content\/uploads\/2021\/11\/DSC03288-1536x1021.jpg 1536w, https:\/\/gite-alrassets-ardeche.com\/wp-content\/uploads\/2021\/11\/DSC03288-2048x1361.jpg 2048w\" sizes=\"auto, (max-width: 1024px) 100vw, 1024px\" \/><\/figure>\n<\/div><\/div>\n\n\n\n<div class=\"wp-block-column is-layout-flow wp-block-column-is-layout-flow\">\n<figure class=\"wp-block-image size-large\"><img loading=\"lazy\" decoding=\"async\" width=\"680\" height=\"1024\" src=\"https:\/\/gite-alrassets-ardeche.com\/wp-content\/uploads\/2021\/06\/DSC03298-680x1024.jpg\" alt=\"\" class=\"wp-image-823\" srcset=\"https:\/\/gite-alrassets-ardeche.com\/wp-content\/uploads\/2021\/06\/DSC03298-680x1024.jpg 680w, https:\/\/gite-alrassets-ardeche.com\/wp-content\/uploads\/2021\/06\/DSC03298-199x300.jpg 199w, https:\/\/gite-alrassets-ardeche.com\/wp-content\/uploads\/2021\/06\/DSC03298-768x1156.jpg 768w, https:\/\/gite-alrassets-ardeche.com\/wp-content\/uploads\/2021\/06\/DSC03298-1021x1536.jpg 1021w, https:\/\/gite-alrassets-ardeche.com\/wp-content\/uploads\/2021\/06\/DSC03298-1361x2048.jpg 1361w, https:\/\/gite-alrassets-ardeche.com\/wp-content\/uploads\/2021\/06\/DSC03298-scaled.jpg 1701w\" sizes=\"auto, (max-width: 680px) 100vw, 680px\" \/><\/figure>\n<\/div>\n<\/div>\n\n\n\n<p class=\"has-nv-site-bg-background-color has-background\"><strong>LA MAISON PRINCIPALE <\/strong><br><span class=\"has-inline-color has-nv-c-2-color\">5 COUCHAGES<\/span><br><br><strong>Au rez-de-chauss\u00e9e<br><\/strong>Cuisine toute \u00e9quip\u00e9e jusqu\u2019\u00e0 12 personnes&nbsp;(lave linge, lave vaisselle,  micro-onde, r\u00e9frig\u00e9rateur, cong\u00e9lateur)<br>Salon\/salle \u00e0 manger (\u00e9quip\u00e9e d\u2019un canap\u00e9  convertible)<br>Terrasse de plein-pied (barbecue)<br><br><strong>A l\u2019\u00e9tage<br><\/strong>Une premi\u00e8re chambre deux places (lit de 140)<br>Une seconde chambre trois places (lit de 90 et deux lits de 90 superpos\u00e9s)<br>Salle d\u2019eau (douche, WC)<\/p>\n\n\n\n<div class=\"wp-block-columns is-layout-flex wp-container-core-columns-is-layout-9d6595d7 wp-block-columns-is-layout-flex\">\n<div class=\"wp-block-column is-layout-flow wp-block-column-is-layout-flow\">\n<figure class=\"wp-block-image size-large\"><img loading=\"lazy\" decoding=\"async\" width=\"1024\" height=\"683\" src=\"https:\/\/gite-alrassets-ardeche.com\/wp-content\/uploads\/2021\/11\/DSC03530-1024x683.jpg\" alt=\"\" class=\"wp-image-863\" srcset=\"https:\/\/gite-alrassets-ardeche.com\/wp-content\/uploads\/2021\/11\/DSC03530-1024x683.jpg 1024w, https:\/\/gite-alrassets-ardeche.com\/wp-content\/uploads\/2021\/11\/DSC03530-300x200.jpg 300w, https:\/\/gite-alrassets-ardeche.com\/wp-content\/uploads\/2021\/11\/DSC03530-768x512.jpg 768w, https:\/\/gite-alrassets-ardeche.com\/wp-content\/uploads\/2021\/11\/DSC03530-1536x1024.jpg 1536w, https:\/\/gite-alrassets-ardeche.com\/wp-content\/uploads\/2021\/11\/DSC03530-2048x1365.jpg 2048w, https:\/\/gite-alrassets-ardeche.com\/wp-content\/uploads\/2021\/11\/DSC03530-930x620.jpg 930w\" sizes=\"auto, (max-width: 1024px) 100vw, 1024px\" \/><\/figure>\n<\/div>\n\n\n\n<div class=\"wp-block-column is-layout-flow wp-block-column-is-layout-flow\">\n<figure class=\"wp-block-image size-full is-resized\"><img loading=\"lazy\" decoding=\"async\" width=\"709\" height=\"390\" src=\"https:\/\/gite-alrassets-ardeche.com\/wp-content\/uploads\/2021\/11\/DSC03603mod.jpg\" alt=\"\" class=\"wp-image-862\" style=\"width:394px;height:216px\" srcset=\"https:\/\/gite-alrassets-ardeche.com\/wp-content\/uploads\/2021\/11\/DSC03603mod.jpg 709w, https:\/\/gite-alrassets-ardeche.com\/wp-content\/uploads\/2021\/11\/DSC03603mod-300x165.jpg 300w\" sizes=\"auto, (max-width: 709px) 100vw, 709px\" \/><\/figure>\n<\/div>\n<\/div>\n\n\n\n<div class=\"wp-block-columns is-layout-flex wp-container-core-columns-is-layout-9d6595d7 wp-block-columns-is-layout-flex\">\n<div class=\"wp-block-column is-layout-flow wp-block-column-is-layout-flow\">\n<figure class=\"wp-block-image size-large\"><img loading=\"lazy\" decoding=\"async\" width=\"680\" height=\"1024\" src=\"https:\/\/gite-alrassets-ardeche.com\/wp-content\/uploads\/2021\/06\/DSC03343-680x1024.jpg\" alt=\"\" class=\"wp-image-799\" srcset=\"https:\/\/gite-alrassets-ardeche.com\/wp-content\/uploads\/2021\/06\/DSC03343-680x1024.jpg 680w, https:\/\/gite-alrassets-ardeche.com\/wp-content\/uploads\/2021\/06\/DSC03343-199x300.jpg 199w, https:\/\/gite-alrassets-ardeche.com\/wp-content\/uploads\/2021\/06\/DSC03343-768x1156.jpg 768w, https:\/\/gite-alrassets-ardeche.com\/wp-content\/uploads\/2021\/06\/DSC03343-1021x1536.jpg 1021w, https:\/\/gite-alrassets-ardeche.com\/wp-content\/uploads\/2021\/06\/DSC03343-1361x2048.jpg 1361w, https:\/\/gite-alrassets-ardeche.com\/wp-content\/uploads\/2021\/06\/DSC03343-scaled.jpg 1701w\" sizes=\"auto, (max-width: 680px) 100vw, 680px\" \/><\/figure>\n<\/div>\n\n\n\n<div class=\"wp-block-column is-layout-flow wp-block-column-is-layout-flow\">\n<figure class=\"wp-block-image size-large\"><img loading=\"lazy\" decoding=\"async\" width=\"680\" height=\"1024\" src=\"https:\/\/gite-alrassets-ardeche.com\/wp-content\/uploads\/2021\/06\/DSC03340-680x1024.jpg\" alt=\"\" class=\"wp-image-798\" srcset=\"https:\/\/gite-alrassets-ardeche.com\/wp-content\/uploads\/2021\/06\/DSC03340-680x1024.jpg 680w, https:\/\/gite-alrassets-ardeche.com\/wp-content\/uploads\/2021\/06\/DSC03340-199x300.jpg 199w, https:\/\/gite-alrassets-ardeche.com\/wp-content\/uploads\/2021\/06\/DSC03340-768x1156.jpg 768w, https:\/\/gite-alrassets-ardeche.com\/wp-content\/uploads\/2021\/06\/DSC03340-1021x1536.jpg 1021w, https:\/\/gite-alrassets-ardeche.com\/wp-content\/uploads\/2021\/06\/DSC03340-1361x2048.jpg 1361w, https:\/\/gite-alrassets-ardeche.com\/wp-content\/uploads\/2021\/06\/DSC03340-scaled.jpg 1701w\" sizes=\"auto, (max-width: 680px) 100vw, 680px\" \/><\/figure>\n<\/div>\n\n\n\n<div class=\"wp-block-column is-layout-flow wp-block-column-is-layout-flow\">\n<figure class=\"wp-block-image size-large\"><img loading=\"lazy\" decoding=\"async\" width=\"680\" height=\"1024\" src=\"https:\/\/gite-alrassets-ardeche.com\/wp-content\/uploads\/2021\/06\/DSC03305-680x1024.jpg\" alt=\"\" class=\"wp-image-797\" srcset=\"https:\/\/gite-alrassets-ardeche.com\/wp-content\/uploads\/2021\/06\/DSC03305-680x1024.jpg 680w, https:\/\/gite-alrassets-ardeche.com\/wp-content\/uploads\/2021\/06\/DSC03305-199x300.jpg 199w, https:\/\/gite-alrassets-ardeche.com\/wp-content\/uploads\/2021\/06\/DSC03305-768x1156.jpg 768w, https:\/\/gite-alrassets-ardeche.com\/wp-content\/uploads\/2021\/06\/DSC03305-1021x1536.jpg 1021w, https:\/\/gite-alrassets-ardeche.com\/wp-content\/uploads\/2021\/06\/DSC03305-1361x2048.jpg 1361w, https:\/\/gite-alrassets-ardeche.com\/wp-content\/uploads\/2021\/06\/DSC03305-scaled.jpg 1701w\" sizes=\"auto, (max-width: 680px) 100vw, 680px\" \/><\/figure>\n<\/div>\n<\/div>\n\n\n\n<p class=\"has-nv-site-bg-background-color has-background\"><strong>LA CHAMBRE ATTENANTE AU GITE<\/strong><br><span class=\"has-inline-color has-nv-c-2-color\">5 COUCHAGES<br><\/span><strong><br><\/strong>Une autre chambre  ind\u00e9pendante de cinq lits de 90, avec salle d\u2019eau (douche, WC) est  accessible par l\u2019ext\u00e9rieur.<\/p>\n\n\n\n<p class=\"has-nv-site-bg-background-color has-background\">Exposition Sud et Est.<br>Deux terrasses, cour et jardin privatifs, salon de jardin, parking priv\u00e9 (3-4 voitures), terrain de boules priv\u00e9, espaces verts.<br>Chauffage au bois avec un insert dans le s\u00e9jour (bois en suppl\u00e9ment).<br>Convecteurs \u00e9lectriques en appoint (consommation EDF en suppl\u00e9ment l\u2019hiver \u00e0 prix co\u00fbtant).<br>Aspirateur, table \u00e0 repasser, fer \u00e0 repasser.<br>Possibilit\u00e9 de disposer de mat\u00e9riel pour b\u00e9b\u00e9.<br>Animaux admis.<\/p>\n\n\n\n<p><strong>LA CHAMBRE IND\u00c9PENDANTE<\/strong><br><span style=\"background-color:rgba(0, 0, 0, 0)\" class=\"has-inline-color has-nv-c-2-color\">2 COUCHAGES<br><\/span><strong><br><\/strong>Chambre chaleureuse totalement ind\u00e9pendante, deux formules possibles : 2 lits de 90 coll\u00e9s ou s\u00e9par\u00e9s avec salle d&rsquo;eau et wc.<\/p>\n\n\n\n<figure class=\"wp-block-image size-large is-resized\"><img loading=\"lazy\" decoding=\"async\" width=\"768\" height=\"1024\" src=\"https:\/\/gite-alrassets-ardeche.com\/wp-content\/uploads\/2021\/11\/2015-08-09-18.39.20-768x1024.jpg\" alt=\"\" class=\"wp-image-868\" style=\"width:231px;height:308px\" srcset=\"https:\/\/gite-alrassets-ardeche.com\/wp-content\/uploads\/2021\/11\/2015-08-09-18.39.20-768x1024.jpg 768w, https:\/\/gite-alrassets-ardeche.com\/wp-content\/uploads\/2021\/11\/2015-08-09-18.39.20-225x300.jpg 225w, https:\/\/gite-alrassets-ardeche.com\/wp-content\/uploads\/2021\/11\/2015-08-09-18.39.20-rotated.jpg 960w\" sizes=\"auto, (max-width: 768px) 100vw, 768px\" \/><\/figure>\n\n\n\n<p class=\"has-nv-site-bg-background-color has-background\"><br><\/p>\n\n\n\n\n\n<div class=\"wp-block-columns is-layout-flex wp-container-core-columns-is-layout-9d6595d7 wp-block-columns-is-layout-flex\">\n<div class=\"wp-block-column is-layout-flow wp-block-column-is-layout-flow\" style=\"flex-basis:100%\">\n<div class=\"wp-block-columns is-layout-flex wp-container-core-columns-is-layout-9d6595d7 wp-block-columns-is-layout-flex\">\n<div class=\"wp-block-column is-layout-flow wp-block-column-is-layout-flow\" style=\"flex-basis:100%\">\n<div class=\"wp-block-columns is-layout-flex wp-container-core-columns-is-layout-9d6595d7 wp-block-columns-is-layout-flex\">\n<div class=\"wp-block-column is-layout-flow wp-block-column-is-layout-flow\" style=\"flex-basis:100%\"><\/div>\n<\/div>\n<\/div>\n<\/div>\n<\/div>\n<\/div>\n","protected":false},"excerpt":{"rendered":"<p>Le G\u00eete rural Les Alrassets est une maison de caract\u00e8re de 1770 construiteen schiste. Le g\u00eete se pr\u00e9sente sur deux niveaux et comporte deux partiesqui peuvent \u00eatre lou\u00e9es s\u00e9par\u00e9ment et accueillir jusqu\u2019\u00e0 12 personnes. Sur place nous proposons, \u00e0 la demande des produits de notre ferme :confitures, sirop de menthe, pistou, l\u00e9gumes de saison, \u0153ufs,&hellip;&nbsp;<a href=\"https:\/\/gite-alrassets-ardeche.com\/index.php\/legite\/\" rel=\"bookmark\">Lire la suite &raquo;<span class=\"screen-reader-text\">Le g\u00eete<\/span><\/a><\/p>\n","protected":false},"author":1,"featured_media":0,"parent":0,"menu_order":0,"comment_status":"closed","ping_status":"closed","template":"","meta":{"neve_meta_sidebar":"","neve_meta_container":"","neve_meta_enable_content_width":"","neve_meta_content_width":0,"neve_meta_title_alignment":"left","neve_meta_author_avatar":"","neve_post_elements_order":"","neve_meta_disable_header":"off","neve_meta_disable_footer":"","neve_meta_disable_title":"on","footnotes":""},"class_list":["post-12","page","type-page","status-publish","hentry"],"yoast_head":"<!-- This site is optimized with the Yoast SEO plugin v27.4 - https:\/\/yoast.com\/product\/yoast-seo-wordpress\/ -->\n<title>Le g\u00eete - Les alrassets<\/title>\n<meta name=\"robots\" content=\"index, follow, max-snippet:-1, max-image-preview:large, max-video-preview:-1\" \/>\n<link rel=\"canonical\" href=\"https:\/\/gite-alrassets-ardeche.com\/index.php\/legite\/\" \/>\n<meta property=\"og:locale\" content=\"fr_FR\" \/>\n<meta property=\"og:type\" content=\"article\" \/>\n<meta property=\"og:title\" content=\"Le g\u00eete - Les alrassets\" \/>\n<meta property=\"og:description\" content=\"Le G\u00eete rural Les Alrassets est une maison de caract\u00e8re de 1770 construiteen schiste. Le g\u00eete se pr\u00e9sente sur deux niveaux et comporte deux partiesqui peuvent \u00eatre lou\u00e9es s\u00e9par\u00e9ment et accueillir jusqu\u2019\u00e0 12 personnes. Sur place nous proposons, \u00e0 la demande des produits de notre ferme :confitures, sirop de menthe, pistou, l\u00e9gumes de saison, \u0153ufs,&hellip;&nbsp;Lire la suite &raquo;Le g\u00eete\" \/>\n<meta property=\"og:url\" content=\"https:\/\/gite-alrassets-ardeche.com\/index.php\/legite\/\" \/>\n<meta property=\"og:site_name\" content=\"Les alrassets\" \/>\n<meta property=\"article:modified_time\" content=\"2024-01-18T18:35:03+00:00\" \/>\n<meta property=\"og:image\" content=\"https:\/\/gite-alrassets-ardeche.com\/wp-content\/uploads\/2021\/06\/DSC03303-1024x680.jpg\" \/>\n<meta name=\"twitter:card\" content=\"summary_large_image\" \/>\n<meta name=\"twitter:label1\" content=\"Dur\u00e9e de lecture estim\u00e9e\" \/>\n\t<meta name=\"twitter:data1\" content=\"8 minutes\" \/>\n<script type=\"application\/ld+json\" class=\"yoast-schema-graph\">{\"@context\":\"https:\\\/\\\/schema.org\",\"@graph\":[{\"@type\":\"WebPage\",\"@id\":\"https:\\\/\\\/gite-alrassets-ardeche.com\\\/index.php\\\/legite\\\/\",\"url\":\"https:\\\/\\\/gite-alrassets-ardeche.com\\\/index.php\\\/legite\\\/\",\"name\":\"Le g\u00eete - Les alrassets\",\"isPartOf\":{\"@id\":\"https:\\\/\\\/gite-alrassets-ardeche.com\\\/#website\"},\"primaryImageOfPage\":{\"@id\":\"https:\\\/\\\/gite-alrassets-ardeche.com\\\/index.php\\\/legite\\\/#primaryimage\"},\"image\":{\"@id\":\"https:\\\/\\\/gite-alrassets-ardeche.com\\\/index.php\\\/legite\\\/#primaryimage\"},\"thumbnailUrl\":\"https:\\\/\\\/gite-alrassets-ardeche.com\\\/wp-content\\\/uploads\\\/2021\\\/06\\\/DSC03303-1024x680.jpg\",\"datePublished\":\"2019-06-03T17:02:19+00:00\",\"dateModified\":\"2024-01-18T18:35:03+00:00\",\"breadcrumb\":{\"@id\":\"https:\\\/\\\/gite-alrassets-ardeche.com\\\/index.php\\\/legite\\\/#breadcrumb\"},\"inLanguage\":\"fr-FR\",\"potentialAction\":[{\"@type\":\"ReadAction\",\"target\":[\"https:\\\/\\\/gite-alrassets-ardeche.com\\\/index.php\\\/legite\\\/\"]}]},{\"@type\":\"ImageObject\",\"inLanguage\":\"fr-FR\",\"@id\":\"https:\\\/\\\/gite-alrassets-ardeche.com\\\/index.php\\\/legite\\\/#primaryimage\",\"url\":\"https:\\\/\\\/gite-alrassets-ardeche.com\\\/wp-content\\\/uploads\\\/2021\\\/06\\\/DSC03303-scaled.jpg\",\"contentUrl\":\"https:\\\/\\\/gite-alrassets-ardeche.com\\\/wp-content\\\/uploads\\\/2021\\\/06\\\/DSC03303-scaled.jpg\",\"width\":2560,\"height\":1701},{\"@type\":\"BreadcrumbList\",\"@id\":\"https:\\\/\\\/gite-alrassets-ardeche.com\\\/index.php\\\/legite\\\/#breadcrumb\",\"itemListElement\":[{\"@type\":\"ListItem\",\"position\":1,\"name\":\"Accueil\",\"item\":\"https:\\\/\\\/gite-alrassets-ardeche.com\\\/\"},{\"@type\":\"ListItem\",\"position\":2,\"name\":\"Le g\u00eete\"}]},{\"@type\":\"WebSite\",\"@id\":\"https:\\\/\\\/gite-alrassets-ardeche.com\\\/#website\",\"url\":\"https:\\\/\\\/gite-alrassets-ardeche.com\\\/\",\"name\":\"gite-alrassets-ardeche\",\"description\":\"\",\"publisher\":{\"@id\":\"https:\\\/\\\/gite-alrassets-ardeche.com\\\/#organization\"},\"potentialAction\":[{\"@type\":\"SearchAction\",\"target\":{\"@type\":\"EntryPoint\",\"urlTemplate\":\"https:\\\/\\\/gite-alrassets-ardeche.com\\\/?s={search_term_string}\"},\"query-input\":{\"@type\":\"PropertyValueSpecification\",\"valueRequired\":true,\"valueName\":\"search_term_string\"}}],\"inLanguage\":\"fr-FR\"},{\"@type\":\"Organization\",\"@id\":\"https:\\\/\\\/gite-alrassets-ardeche.com\\\/#organization\",\"name\":\"Les Alrassets - G\u00eete Rural\",\"url\":\"https:\\\/\\\/gite-alrassets-ardeche.com\\\/\",\"logo\":{\"@type\":\"ImageObject\",\"inLanguage\":\"fr-FR\",\"@id\":\"https:\\\/\\\/gite-alrassets-ardeche.com\\\/#\\\/schema\\\/logo\\\/image\\\/\",\"url\":\"https:\\\/\\\/gite-alrassets-ardeche.com\\\/wp-content\\\/uploads\\\/2019\\\/06\\\/Icon-Gite110619.jpg\",\"contentUrl\":\"https:\\\/\\\/gite-alrassets-ardeche.com\\\/wp-content\\\/uploads\\\/2019\\\/06\\\/Icon-Gite110619.jpg\",\"width\":150,\"height\":150,\"caption\":\"Les Alrassets - G\u00eete Rural\"},\"image\":{\"@id\":\"https:\\\/\\\/gite-alrassets-ardeche.com\\\/#\\\/schema\\\/logo\\\/image\\\/\"}}]}<\/script>\n<!-- \/ Yoast SEO plugin. -->","yoast_head_json":{"title":"Le g\u00eete - Les alrassets","robots":{"index":"index","follow":"follow","max-snippet":"max-snippet:-1","max-image-preview":"max-image-preview:large","max-video-preview":"max-video-preview:-1"},"canonical":"https:\/\/gite-alrassets-ardeche.com\/index.php\/legite\/","og_locale":"fr_FR","og_type":"article","og_title":"Le g\u00eete - Les alrassets","og_description":"Le G\u00eete rural Les Alrassets est une maison de caract\u00e8re de 1770 construiteen schiste. Le g\u00eete se pr\u00e9sente sur deux niveaux et comporte deux partiesqui peuvent \u00eatre lou\u00e9es s\u00e9par\u00e9ment et accueillir jusqu\u2019\u00e0 12 personnes. Sur place nous proposons, \u00e0 la demande des produits de notre ferme :confitures, sirop de menthe, pistou, l\u00e9gumes de saison, \u0153ufs,&hellip;&nbsp;Lire la suite &raquo;Le g\u00eete","og_url":"https:\/\/gite-alrassets-ardeche.com\/index.php\/legite\/","og_site_name":"Les alrassets","article_modified_time":"2024-01-18T18:35:03+00:00","og_image":[{"url":"https:\/\/gite-alrassets-ardeche.com\/wp-content\/uploads\/2021\/06\/DSC03303-1024x680.jpg","type":"","width":"","height":""}],"twitter_card":"summary_large_image","twitter_misc":{"Dur\u00e9e de lecture estim\u00e9e":"8 minutes"},"schema":{"@context":"https:\/\/schema.org","@graph":[{"@type":"WebPage","@id":"https:\/\/gite-alrassets-ardeche.com\/index.php\/legite\/","url":"https:\/\/gite-alrassets-ardeche.com\/index.php\/legite\/","name":"Le g\u00eete - Les alrassets","isPartOf":{"@id":"https:\/\/gite-alrassets-ardeche.com\/#website"},"primaryImageOfPage":{"@id":"https:\/\/gite-alrassets-ardeche.com\/index.php\/legite\/#primaryimage"},"image":{"@id":"https:\/\/gite-alrassets-ardeche.com\/index.php\/legite\/#primaryimage"},"thumbnailUrl":"https:\/\/gite-alrassets-ardeche.com\/wp-content\/uploads\/2021\/06\/DSC03303-1024x680.jpg","datePublished":"2019-06-03T17:02:19+00:00","dateModified":"2024-01-18T18:35:03+00:00","breadcrumb":{"@id":"https:\/\/gite-alrassets-ardeche.com\/index.php\/legite\/#breadcrumb"},"inLanguage":"fr-FR","potentialAction":[{"@type":"ReadAction","target":["https:\/\/gite-alrassets-ardeche.com\/index.php\/legite\/"]}]},{"@type":"ImageObject","inLanguage":"fr-FR","@id":"https:\/\/gite-alrassets-ardeche.com\/index.php\/legite\/#primaryimage","url":"https:\/\/gite-alrassets-ardeche.com\/wp-content\/uploads\/2021\/06\/DSC03303-scaled.jpg","contentUrl":"https:\/\/gite-alrassets-ardeche.com\/wp-content\/uploads\/2021\/06\/DSC03303-scaled.jpg","width":2560,"height":1701},{"@type":"BreadcrumbList","@id":"https:\/\/gite-alrassets-ardeche.com\/index.php\/legite\/#breadcrumb","itemListElement":[{"@type":"ListItem","position":1,"name":"Accueil","item":"https:\/\/gite-alrassets-ardeche.com\/"},{"@type":"ListItem","position":2,"name":"Le g\u00eete"}]},{"@type":"WebSite","@id":"https:\/\/gite-alrassets-ardeche.com\/#website","url":"https:\/\/gite-alrassets-ardeche.com\/","name":"gite-alrassets-ardeche","description":"","publisher":{"@id":"https:\/\/gite-alrassets-ardeche.com\/#organization"},"potentialAction":[{"@type":"SearchAction","target":{"@type":"EntryPoint","urlTemplate":"https:\/\/gite-alrassets-ardeche.com\/?s={search_term_string}"},"query-input":{"@type":"PropertyValueSpecification","valueRequired":true,"valueName":"search_term_string"}}],"inLanguage":"fr-FR"},{"@type":"Organization","@id":"https:\/\/gite-alrassets-ardeche.com\/#organization","name":"Les Alrassets - G\u00eete Rural","url":"https:\/\/gite-alrassets-ardeche.com\/","logo":{"@type":"ImageObject","inLanguage":"fr-FR","@id":"https:\/\/gite-alrassets-ardeche.com\/#\/schema\/logo\/image\/","url":"https:\/\/gite-alrassets-ardeche.com\/wp-content\/uploads\/2019\/06\/Icon-Gite110619.jpg","contentUrl":"https:\/\/gite-alrassets-ardeche.com\/wp-content\/uploads\/2019\/06\/Icon-Gite110619.jpg","width":150,"height":150,"caption":"Les Alrassets - G\u00eete Rural"},"image":{"@id":"https:\/\/gite-alrassets-ardeche.com\/#\/schema\/logo\/image\/"}}]}},"_links":{"self":[{"href":"https:\/\/gite-alrassets-ardeche.com\/index.php\/wp-json\/wp\/v2\/pages\/12","targetHints":{"allow":["GET"]}}],"collection":[{"href":"https:\/\/gite-alrassets-ardeche.com\/index.php\/wp-json\/wp\/v2\/pages"}],"about":[{"href":"https:\/\/gite-alrassets-ardeche.com\/index.php\/wp-json\/wp\/v2\/types\/page"}],"author":[{"embeddable":true,"href":"https:\/\/gite-alrassets-ardeche.com\/index.php\/wp-json\/wp\/v2\/users\/1"}],"replies":[{"embeddable":true,"href":"https:\/\/gite-alrassets-ardeche.com\/index.php\/wp-json\/wp\/v2\/comments?post=12"}],"version-history":[{"count":77,"href":"https:\/\/gite-alrassets-ardeche.com\/index.php\/wp-json\/wp\/v2\/pages\/12\/revisions"}],"predecessor-version":[{"id":937,"href":"https:\/\/gite-alrassets-ardeche.com\/index.php\/wp-json\/wp\/v2\/pages\/12\/revisions\/937"}],"wp:attachment":[{"href":"https:\/\/gite-alrassets-ardeche.com\/index.php\/wp-json\/wp\/v2\/media?parent=12"}],"curies":[{"name":"wp","href":"https:\/\/api.w.org\/{rel}","templated":true}]}}