{"id":114,"date":"2019-06-07T19:29:01","date_gmt":"2019-06-07T17:29:01","guid":{"rendered":"http:\/\/gite-alrassets-ardeche.com\/?page_id=114"},"modified":"2024-09-21T00:19:09","modified_gmt":"2024-09-20T22:19:09","slug":"les-activites","status":"publish","type":"page","link":"https:\/\/gite-alrassets-ardeche.com\/index.php\/les-activites\/","title":{"rendered":"Les Activit\u00e9s"},"content":{"rendered":"\n<p>Notre r\u00e9gion, Sud Ard\u00e8che,  offre un grand nombre d\u2019activit\u00e9s sportives  de pleine Nature : Canyoning, escalade, parapente, rafting, kayak,  cano\u00eb, de nombreuses petites et grandes randonn\u00e9es, avec le Bois de  Pa\u00f6live&#8230; Mais aussi centre \u00e9questres, VTT, P\u00e8che \u00e0 la truite&#8230;.  Les grottes : la Caverne de Vallon  Pont d&rsquo;Arc dite \u00ab\u00a0<strong>Grotte Chauvet<\/strong>\u00ab\u00a0, mais aussi grotte de la Madeleine etc&#8230;.  Les  mus\u00e9es, le  <strong>festival Laluna<\/strong> \u00e0 Ruoms courant juin, les march\u00e9s hebdomadaires, march\u00e9s Nocturnes, et bien s\u00fbr les nombreuses festivit\u00e9s propos\u00e9s tout au long de l&rsquo;ann\u00e9e. <\/p>\n\n\n<div class=\"is-default-size wp-block-site-logo\"><a href=\"https:\/\/gite-alrassets-ardeche.com\/\" class=\"custom-logo-link\" rel=\"home\"><img loading=\"lazy\" decoding=\"async\" width=\"2560\" height=\"757\" src=\"https:\/\/gite-alrassets-ardeche.com\/wp-content\/uploads\/2021\/06\/logoentete-scaled.jpg\" class=\"custom-logo\" alt=\"Les alrassets\" srcset=\"https:\/\/gite-alrassets-ardeche.com\/wp-content\/uploads\/2021\/06\/logoentete-scaled.jpg 2560w, https:\/\/gite-alrassets-ardeche.com\/wp-content\/uploads\/2021\/06\/logoentete-300x89.jpg 300w, https:\/\/gite-alrassets-ardeche.com\/wp-content\/uploads\/2021\/06\/logoentete-1024x303.jpg 1024w, https:\/\/gite-alrassets-ardeche.com\/wp-content\/uploads\/2021\/06\/logoentete-768x227.jpg 768w, https:\/\/gite-alrassets-ardeche.com\/wp-content\/uploads\/2021\/06\/logoentete-1536x454.jpg 1536w, https:\/\/gite-alrassets-ardeche.com\/wp-content\/uploads\/2021\/06\/logoentete-2048x606.jpg 2048w\" sizes=\"auto, (max-width: 2560px) 100vw, 2560px\" \/><\/a><\/div>\n\n\n<figure class=\"wp-block-gallery has-nested-images columns-default is-cropped wp-block-gallery-1 is-layout-flex wp-block-gallery-is-layout-flex\">\n<figure class=\"wp-block-image size-large\"><img loading=\"lazy\" decoding=\"async\" width=\"480\" height=\"800\" data-id=\"941\" src=\"https:\/\/gite-alrassets-ardeche.com\/wp-content\/uploads\/2024\/09\/IMG-20240919-WA0000.webp\" alt=\"\" class=\"wp-image-941\" srcset=\"https:\/\/gite-alrassets-ardeche.com\/wp-content\/uploads\/2024\/09\/IMG-20240919-WA0000.webp 480w, https:\/\/gite-alrassets-ardeche.com\/wp-content\/uploads\/2024\/09\/IMG-20240919-WA0000-180x300.webp 180w\" sizes=\"auto, (max-width: 480px) 100vw, 480px\" \/><figcaption class=\"wp-element-caption\">Nous accueillons les randonneurs<\/figcaption><\/figure>\n\n\n\n<figure class=\"wp-block-image size-large\"><img loading=\"lazy\" decoding=\"async\" width=\"640\" height=\"480\" data-id=\"940\" src=\"https:\/\/gite-alrassets-ardeche.com\/wp-content\/uploads\/2024\/09\/IMG-20240919-WA0001.webp\" alt=\"\" class=\"wp-image-940\" srcset=\"https:\/\/gite-alrassets-ardeche.com\/wp-content\/uploads\/2024\/09\/IMG-20240919-WA0001.webp 640w, https:\/\/gite-alrassets-ardeche.com\/wp-content\/uploads\/2024\/09\/IMG-20240919-WA0001-300x225.webp 300w\" sizes=\"auto, (max-width: 640px) 100vw, 640px\" \/><figcaption class=\"wp-element-caption\">Eglise  Romane St Jean de Pourcharesse XII Si\u00e8cle<\/figcaption><\/figure>\n\n\n\n<figure class=\"wp-block-image size-large\"><img loading=\"lazy\" decoding=\"async\" width=\"960\" height=\"720\" data-id=\"939\" src=\"https:\/\/gite-alrassets-ardeche.com\/wp-content\/uploads\/2024\/09\/IMG-20240919-WA0002.webp\" alt=\"\" class=\"wp-image-939\" srcset=\"https:\/\/gite-alrassets-ardeche.com\/wp-content\/uploads\/2024\/09\/IMG-20240919-WA0002.webp 960w, https:\/\/gite-alrassets-ardeche.com\/wp-content\/uploads\/2024\/09\/IMG-20240919-WA0002-300x225.webp 300w, https:\/\/gite-alrassets-ardeche.com\/wp-content\/uploads\/2024\/09\/IMG-20240919-WA0002-768x576.webp 768w\" sizes=\"auto, (max-width: 960px) 100vw, 960px\" \/><figcaption class=\"wp-element-caption\">Dans un espace de for\u00eat de ch\u00e2taigniers et de pin<\/figcaption><\/figure>\n<\/figure>\n","protected":false},"excerpt":{"rendered":"<p>Notre r\u00e9gion, Sud Ard\u00e8che, offre un grand nombre d\u2019activit\u00e9s sportives de pleine Nature : Canyoning, escalade, parapente, rafting, kayak, cano\u00eb, de nombreuses petites et grandes randonn\u00e9es, avec le Bois de Pa\u00f6live&#8230; Mais aussi centre \u00e9questres, VTT, P\u00e8che \u00e0 la truite&#8230;. Les grottes : la Caverne de Vallon Pont d&rsquo;Arc dite \u00ab\u00a0Grotte Chauvet\u00ab\u00a0, mais aussi grotte&hellip;&nbsp;<a href=\"https:\/\/gite-alrassets-ardeche.com\/index.php\/les-activites\/\" rel=\"bookmark\">Lire la suite &raquo;<span class=\"screen-reader-text\">Les Activit\u00e9s<\/span><\/a><\/p>\n","protected":false},"author":1,"featured_media":0,"parent":0,"menu_order":0,"comment_status":"closed","ping_status":"closed","template":"","meta":{"neve_meta_sidebar":"","neve_meta_container":"","neve_meta_enable_content_width":"","neve_meta_content_width":0,"neve_meta_title_alignment":"","neve_meta_author_avatar":"","neve_post_elements_order":"","neve_meta_disable_header":"","neve_meta_disable_footer":"","neve_meta_disable_title":"","footnotes":""},"class_list":["post-114","page","type-page","status-publish","hentry"],"yoast_head":"<!-- This site is optimized with the Yoast SEO plugin v27.4 - https:\/\/yoast.com\/product\/yoast-seo-wordpress\/ -->\n<title>Les Activit\u00e9s - Les alrassets<\/title>\n<meta name=\"robots\" content=\"index, follow, max-snippet:-1, max-image-preview:large, max-video-preview:-1\" \/>\n<link rel=\"canonical\" href=\"https:\/\/gite-alrassets-ardeche.com\/index.php\/les-activites\/\" \/>\n<meta property=\"og:locale\" content=\"fr_FR\" \/>\n<meta property=\"og:type\" content=\"article\" \/>\n<meta property=\"og:title\" content=\"Les Activit\u00e9s - Les alrassets\" \/>\n<meta property=\"og:description\" content=\"Notre r\u00e9gion, Sud Ard\u00e8che, offre un grand nombre d\u2019activit\u00e9s sportives de pleine Nature : Canyoning, escalade, parapente, rafting, kayak, cano\u00eb, de nombreuses petites et grandes randonn\u00e9es, avec le Bois de Pa\u00f6live&#8230; Mais aussi centre \u00e9questres, VTT, P\u00e8che \u00e0 la truite&#8230;. Les grottes : la Caverne de Vallon Pont d&rsquo;Arc dite \u00ab\u00a0Grotte Chauvet\u00ab\u00a0, mais aussi grotte&hellip;&nbsp;Lire la suite &raquo;Les Activit\u00e9s\" \/>\n<meta property=\"og:url\" content=\"https:\/\/gite-alrassets-ardeche.com\/index.php\/les-activites\/\" \/>\n<meta property=\"og:site_name\" content=\"Les alrassets\" \/>\n<meta property=\"article:modified_time\" content=\"2024-09-20T22:19:09+00:00\" \/>\n<meta property=\"og:image\" content=\"https:\/\/gite-alrassets-ardeche.com\/wp-content\/uploads\/2024\/09\/IMG-20240919-WA0000.webp\" \/>\n<meta name=\"twitter:card\" content=\"summary_large_image\" \/>\n<meta name=\"twitter:label1\" content=\"Dur\u00e9e de lecture estim\u00e9e\" \/>\n\t<meta name=\"twitter:data1\" content=\"2 minutes\" \/>\n<script type=\"application\/ld+json\" class=\"yoast-schema-graph\">{\"@context\":\"https:\\\/\\\/schema.org\",\"@graph\":[{\"@type\":\"WebPage\",\"@id\":\"https:\\\/\\\/gite-alrassets-ardeche.com\\\/index.php\\\/les-activites\\\/\",\"url\":\"https:\\\/\\\/gite-alrassets-ardeche.com\\\/index.php\\\/les-activites\\\/\",\"name\":\"Les Activit\u00e9s - Les alrassets\",\"isPartOf\":{\"@id\":\"https:\\\/\\\/gite-alrassets-ardeche.com\\\/#website\"},\"primaryImageOfPage\":{\"@id\":\"https:\\\/\\\/gite-alrassets-ardeche.com\\\/index.php\\\/les-activites\\\/#primaryimage\"},\"image\":{\"@id\":\"https:\\\/\\\/gite-alrassets-ardeche.com\\\/index.php\\\/les-activites\\\/#primaryimage\"},\"thumbnailUrl\":\"https:\\\/\\\/gite-alrassets-ardeche.com\\\/wp-content\\\/uploads\\\/2024\\\/09\\\/IMG-20240919-WA0000.webp\",\"datePublished\":\"2019-06-07T17:29:01+00:00\",\"dateModified\":\"2024-09-20T22:19:09+00:00\",\"breadcrumb\":{\"@id\":\"https:\\\/\\\/gite-alrassets-ardeche.com\\\/index.php\\\/les-activites\\\/#breadcrumb\"},\"inLanguage\":\"fr-FR\",\"potentialAction\":[{\"@type\":\"ReadAction\",\"target\":[\"https:\\\/\\\/gite-alrassets-ardeche.com\\\/index.php\\\/les-activites\\\/\"]}]},{\"@type\":\"ImageObject\",\"inLanguage\":\"fr-FR\",\"@id\":\"https:\\\/\\\/gite-alrassets-ardeche.com\\\/index.php\\\/les-activites\\\/#primaryimage\",\"url\":\"https:\\\/\\\/gite-alrassets-ardeche.com\\\/wp-content\\\/uploads\\\/2024\\\/09\\\/IMG-20240919-WA0000.webp\",\"contentUrl\":\"https:\\\/\\\/gite-alrassets-ardeche.com\\\/wp-content\\\/uploads\\\/2024\\\/09\\\/IMG-20240919-WA0000.webp\",\"width\":480,\"height\":800},{\"@type\":\"BreadcrumbList\",\"@id\":\"https:\\\/\\\/gite-alrassets-ardeche.com\\\/index.php\\\/les-activites\\\/#breadcrumb\",\"itemListElement\":[{\"@type\":\"ListItem\",\"position\":1,\"name\":\"Accueil\",\"item\":\"https:\\\/\\\/gite-alrassets-ardeche.com\\\/\"},{\"@type\":\"ListItem\",\"position\":2,\"name\":\"Les Activit\u00e9s\"}]},{\"@type\":\"WebSite\",\"@id\":\"https:\\\/\\\/gite-alrassets-ardeche.com\\\/#website\",\"url\":\"https:\\\/\\\/gite-alrassets-ardeche.com\\\/\",\"name\":\"gite-alrassets-ardeche\",\"description\":\"\",\"publisher\":{\"@id\":\"https:\\\/\\\/gite-alrassets-ardeche.com\\\/#organization\"},\"potentialAction\":[{\"@type\":\"SearchAction\",\"target\":{\"@type\":\"EntryPoint\",\"urlTemplate\":\"https:\\\/\\\/gite-alrassets-ardeche.com\\\/?s={search_term_string}\"},\"query-input\":{\"@type\":\"PropertyValueSpecification\",\"valueRequired\":true,\"valueName\":\"search_term_string\"}}],\"inLanguage\":\"fr-FR\"},{\"@type\":\"Organization\",\"@id\":\"https:\\\/\\\/gite-alrassets-ardeche.com\\\/#organization\",\"name\":\"Les Alrassets - G\u00eete Rural\",\"url\":\"https:\\\/\\\/gite-alrassets-ardeche.com\\\/\",\"logo\":{\"@type\":\"ImageObject\",\"inLanguage\":\"fr-FR\",\"@id\":\"https:\\\/\\\/gite-alrassets-ardeche.com\\\/#\\\/schema\\\/logo\\\/image\\\/\",\"url\":\"https:\\\/\\\/gite-alrassets-ardeche.com\\\/wp-content\\\/uploads\\\/2019\\\/06\\\/Icon-Gite110619.jpg\",\"contentUrl\":\"https:\\\/\\\/gite-alrassets-ardeche.com\\\/wp-content\\\/uploads\\\/2019\\\/06\\\/Icon-Gite110619.jpg\",\"width\":150,\"height\":150,\"caption\":\"Les Alrassets - G\u00eete Rural\"},\"image\":{\"@id\":\"https:\\\/\\\/gite-alrassets-ardeche.com\\\/#\\\/schema\\\/logo\\\/image\\\/\"}}]}<\/script>\n<!-- \/ Yoast SEO plugin. -->","yoast_head_json":{"title":"Les Activit\u00e9s - Les alrassets","robots":{"index":"index","follow":"follow","max-snippet":"max-snippet:-1","max-image-preview":"max-image-preview:large","max-video-preview":"max-video-preview:-1"},"canonical":"https:\/\/gite-alrassets-ardeche.com\/index.php\/les-activites\/","og_locale":"fr_FR","og_type":"article","og_title":"Les Activit\u00e9s - Les alrassets","og_description":"Notre r\u00e9gion, Sud Ard\u00e8che, offre un grand nombre d\u2019activit\u00e9s sportives de pleine Nature : Canyoning, escalade, parapente, rafting, kayak, cano\u00eb, de nombreuses petites et grandes randonn\u00e9es, avec le Bois de Pa\u00f6live&#8230; Mais aussi centre \u00e9questres, VTT, P\u00e8che \u00e0 la truite&#8230;. Les grottes : la Caverne de Vallon Pont d&rsquo;Arc dite \u00ab\u00a0Grotte Chauvet\u00ab\u00a0, mais aussi grotte&hellip;&nbsp;Lire la suite &raquo;Les Activit\u00e9s","og_url":"https:\/\/gite-alrassets-ardeche.com\/index.php\/les-activites\/","og_site_name":"Les alrassets","article_modified_time":"2024-09-20T22:19:09+00:00","og_image":[{"url":"https:\/\/gite-alrassets-ardeche.com\/wp-content\/uploads\/2024\/09\/IMG-20240919-WA0000.webp","type":"","width":"","height":""}],"twitter_card":"summary_large_image","twitter_misc":{"Dur\u00e9e de lecture estim\u00e9e":"2 minutes"},"schema":{"@context":"https:\/\/schema.org","@graph":[{"@type":"WebPage","@id":"https:\/\/gite-alrassets-ardeche.com\/index.php\/les-activites\/","url":"https:\/\/gite-alrassets-ardeche.com\/index.php\/les-activites\/","name":"Les Activit\u00e9s - Les alrassets","isPartOf":{"@id":"https:\/\/gite-alrassets-ardeche.com\/#website"},"primaryImageOfPage":{"@id":"https:\/\/gite-alrassets-ardeche.com\/index.php\/les-activites\/#primaryimage"},"image":{"@id":"https:\/\/gite-alrassets-ardeche.com\/index.php\/les-activites\/#primaryimage"},"thumbnailUrl":"https:\/\/gite-alrassets-ardeche.com\/wp-content\/uploads\/2024\/09\/IMG-20240919-WA0000.webp","datePublished":"2019-06-07T17:29:01+00:00","dateModified":"2024-09-20T22:19:09+00:00","breadcrumb":{"@id":"https:\/\/gite-alrassets-ardeche.com\/index.php\/les-activites\/#breadcrumb"},"inLanguage":"fr-FR","potentialAction":[{"@type":"ReadAction","target":["https:\/\/gite-alrassets-ardeche.com\/index.php\/les-activites\/"]}]},{"@type":"ImageObject","inLanguage":"fr-FR","@id":"https:\/\/gite-alrassets-ardeche.com\/index.php\/les-activites\/#primaryimage","url":"https:\/\/gite-alrassets-ardeche.com\/wp-content\/uploads\/2024\/09\/IMG-20240919-WA0000.webp","contentUrl":"https:\/\/gite-alrassets-ardeche.com\/wp-content\/uploads\/2024\/09\/IMG-20240919-WA0000.webp","width":480,"height":800},{"@type":"BreadcrumbList","@id":"https:\/\/gite-alrassets-ardeche.com\/index.php\/les-activites\/#breadcrumb","itemListElement":[{"@type":"ListItem","position":1,"name":"Accueil","item":"https:\/\/gite-alrassets-ardeche.com\/"},{"@type":"ListItem","position":2,"name":"Les Activit\u00e9s"}]},{"@type":"WebSite","@id":"https:\/\/gite-alrassets-ardeche.com\/#website","url":"https:\/\/gite-alrassets-ardeche.com\/","name":"gite-alrassets-ardeche","description":"","publisher":{"@id":"https:\/\/gite-alrassets-ardeche.com\/#organization"},"potentialAction":[{"@type":"SearchAction","target":{"@type":"EntryPoint","urlTemplate":"https:\/\/gite-alrassets-ardeche.com\/?s={search_term_string}"},"query-input":{"@type":"PropertyValueSpecification","valueRequired":true,"valueName":"search_term_string"}}],"inLanguage":"fr-FR"},{"@type":"Organization","@id":"https:\/\/gite-alrassets-ardeche.com\/#organization","name":"Les Alrassets - G\u00eete Rural","url":"https:\/\/gite-alrassets-ardeche.com\/","logo":{"@type":"ImageObject","inLanguage":"fr-FR","@id":"https:\/\/gite-alrassets-ardeche.com\/#\/schema\/logo\/image\/","url":"https:\/\/gite-alrassets-ardeche.com\/wp-content\/uploads\/2019\/06\/Icon-Gite110619.jpg","contentUrl":"https:\/\/gite-alrassets-ardeche.com\/wp-content\/uploads\/2019\/06\/Icon-Gite110619.jpg","width":150,"height":150,"caption":"Les Alrassets - G\u00eete Rural"},"image":{"@id":"https:\/\/gite-alrassets-ardeche.com\/#\/schema\/logo\/image\/"}}]}},"_links":{"self":[{"href":"https:\/\/gite-alrassets-ardeche.com\/index.php\/wp-json\/wp\/v2\/pages\/114","targetHints":{"allow":["GET"]}}],"collection":[{"href":"https:\/\/gite-alrassets-ardeche.com\/index.php\/wp-json\/wp\/v2\/pages"}],"about":[{"href":"https:\/\/gite-alrassets-ardeche.com\/index.php\/wp-json\/wp\/v2\/types\/page"}],"author":[{"embeddable":true,"href":"https:\/\/gite-alrassets-ardeche.com\/index.php\/wp-json\/wp\/v2\/users\/1"}],"replies":[{"embeddable":true,"href":"https:\/\/gite-alrassets-ardeche.com\/index.php\/wp-json\/wp\/v2\/comments?post=114"}],"version-history":[{"count":11,"href":"https:\/\/gite-alrassets-ardeche.com\/index.php\/wp-json\/wp\/v2\/pages\/114\/revisions"}],"predecessor-version":[{"id":950,"href":"https:\/\/gite-alrassets-ardeche.com\/index.php\/wp-json\/wp\/v2\/pages\/114\/revisions\/950"}],"wp:attachment":[{"href":"https:\/\/gite-alrassets-ardeche.com\/index.php\/wp-json\/wp\/v2\/media?parent=114"}],"curies":[{"name":"wp","href":"https:\/\/api.w.org\/{rel}","templated":true}]}}