{"id":11,"date":"2022-04-03T17:12:19","date_gmt":"2022-04-03T15:12:19","guid":{"rendered":"http:\/\/gite-alrassets-ardeche.com\/?page_id=11"},"modified":"2023-08-29T23:11:11","modified_gmt":"2023-08-29T21:11:11","slug":"blog","status":"publish","type":"page","link":"https:\/\/gite-alrassets-ardeche.com\/index.php\/blog\/","title":{"rendered":"Nos Produits"},"content":{"rendered":"\n<p class=\"has-text-align-center\"><span style=\"background-color:rgba(0, 0, 0, 0)\" class=\"has-inline-color has-nv-c-2-color\">Alain et C\u00e9cile sont agriculteurs depuis 20 ans et ont d\u00e9velopp\u00e9 leur agriculture autour de la ch\u00e2taigne \u00ab\u00a0l&rsquo;arbre \u00e0 pain ard\u00e9chois\u00a0\u00bb et de tous les produits d\u00e9riv\u00e9s de la ch\u00e2taigne les arbres fruitiers et les petits fruits.<br>C\u00e9cile est confituri\u00e8re et transforme tous les fruits de l&rsquo;exploitation en produits divers : confitures, sirops, pistou&#8230;<\/span><\/p>\n\n\n\n<p class=\"has-text-align-center\"><span style=\"background-color:rgba(0, 0, 0, 0)\" class=\"has-inline-color has-nv-c-2-color\"> <strong>La ch\u00e2taigne<\/strong><\/span><\/p>\n\n\n\n<div class=\"wp-block-columns is-layout-flex wp-container-core-columns-is-layout-9d6595d7 wp-block-columns-is-layout-flex\">\n<div class=\"wp-block-column is-layout-flow wp-block-column-is-layout-flow\">\n<figure class=\"wp-block-image size-full\"><img loading=\"lazy\" decoding=\"async\" width=\"680\" height=\"1024\" src=\"https:\/\/gite-alrassets-ardeche.com\/wp-content\/uploads\/2023\/08\/DSC03259-680x1024corrige.jpg\" alt=\"\" class=\"wp-image-904\" srcset=\"https:\/\/gite-alrassets-ardeche.com\/wp-content\/uploads\/2023\/08\/DSC03259-680x1024corrige.jpg 680w, https:\/\/gite-alrassets-ardeche.com\/wp-content\/uploads\/2023\/08\/DSC03259-680x1024corrige-199x300.jpg 199w\" sizes=\"auto, (max-width: 680px) 100vw, 680px\" \/><\/figure>\n<\/div>\n\n\n\n<div class=\"wp-block-column is-layout-flow wp-block-column-is-layout-flow\">\n<figure class=\"wp-block-image size-large\"><img loading=\"lazy\" decoding=\"async\" width=\"680\" height=\"1024\" src=\"https:\/\/gite-alrassets-ardeche.com\/wp-content\/uploads\/2021\/06\/DSC03318-680x1024.jpg\" alt=\"\" class=\"wp-image-832\" srcset=\"https:\/\/gite-alrassets-ardeche.com\/wp-content\/uploads\/2021\/06\/DSC03318-680x1024.jpg 680w, https:\/\/gite-alrassets-ardeche.com\/wp-content\/uploads\/2021\/06\/DSC03318-199x300.jpg 199w, https:\/\/gite-alrassets-ardeche.com\/wp-content\/uploads\/2021\/06\/DSC03318-768x1156.jpg 768w, https:\/\/gite-alrassets-ardeche.com\/wp-content\/uploads\/2021\/06\/DSC03318-1021x1536.jpg 1021w, https:\/\/gite-alrassets-ardeche.com\/wp-content\/uploads\/2021\/06\/DSC03318-1361x2048.jpg 1361w, https:\/\/gite-alrassets-ardeche.com\/wp-content\/uploads\/2021\/06\/DSC03318-scaled.jpg 1701w\" sizes=\"auto, (max-width: 680px) 100vw, 680px\" \/><\/figure>\n<\/div>\n\n\n\n<div class=\"wp-block-column is-layout-flow wp-block-column-is-layout-flow\">\n<figure class=\"wp-block-image size-large\"><img loading=\"lazy\" decoding=\"async\" width=\"680\" height=\"1024\" src=\"https:\/\/gite-alrassets-ardeche.com\/wp-content\/uploads\/2021\/06\/siropsrose-680x1024.jpg\" alt=\"\" class=\"wp-image-840\" srcset=\"https:\/\/gite-alrassets-ardeche.com\/wp-content\/uploads\/2021\/06\/siropsrose-680x1024.jpg 680w, https:\/\/gite-alrassets-ardeche.com\/wp-content\/uploads\/2021\/06\/siropsrose-199x300.jpg 199w, https:\/\/gite-alrassets-ardeche.com\/wp-content\/uploads\/2021\/06\/siropsrose-768x1156.jpg 768w, https:\/\/gite-alrassets-ardeche.com\/wp-content\/uploads\/2021\/06\/siropsrose-1021x1536.jpg 1021w, https:\/\/gite-alrassets-ardeche.com\/wp-content\/uploads\/2021\/06\/siropsrose-1361x2048.jpg 1361w, https:\/\/gite-alrassets-ardeche.com\/wp-content\/uploads\/2021\/06\/siropsrose-scaled.jpg 1701w\" sizes=\"auto, (max-width: 680px) 100vw, 680px\" \/><\/figure>\n<\/div>\n<\/div>\n\n\n\n<p class=\"has-text-align-center\"><strong><span class=\"has-inline-color has-nv-c-2-color\">Les autres productions de fruits<\/span> <span class=\"has-inline-color has-nv-c-2-color\">: framboises, kiwi, figues&#8230;<\/span><\/strong><\/p>\n\n\n\n<div class=\"wp-block-columns is-layout-flex wp-container-core-columns-is-layout-9d6595d7 wp-block-columns-is-layout-flex\">\n<div class=\"wp-block-column is-layout-flow wp-block-column-is-layout-flow\">\n<figure class=\"wp-block-image size-large\"><img loading=\"lazy\" decoding=\"async\" width=\"680\" height=\"1024\" src=\"https:\/\/gite-alrassets-ardeche.com\/wp-content\/uploads\/2021\/06\/siropsfraise-680x1024.jpg\" alt=\"\" class=\"wp-image-838\" srcset=\"https:\/\/gite-alrassets-ardeche.com\/wp-content\/uploads\/2021\/06\/siropsfraise-680x1024.jpg 680w, https:\/\/gite-alrassets-ardeche.com\/wp-content\/uploads\/2021\/06\/siropsfraise-199x300.jpg 199w, https:\/\/gite-alrassets-ardeche.com\/wp-content\/uploads\/2021\/06\/siropsfraise-768x1156.jpg 768w, https:\/\/gite-alrassets-ardeche.com\/wp-content\/uploads\/2021\/06\/siropsfraise-1021x1536.jpg 1021w, https:\/\/gite-alrassets-ardeche.com\/wp-content\/uploads\/2021\/06\/siropsfraise-1361x2048.jpg 1361w, https:\/\/gite-alrassets-ardeche.com\/wp-content\/uploads\/2021\/06\/siropsfraise-scaled.jpg 1701w\" sizes=\"auto, (max-width: 680px) 100vw, 680px\" \/><\/figure>\n<\/div>\n\n\n\n<div class=\"wp-block-column is-layout-flow wp-block-column-is-layout-flow\">\n<figure class=\"wp-block-image size-large\"><img loading=\"lazy\" decoding=\"async\" width=\"680\" height=\"1024\" src=\"https:\/\/gite-alrassets-ardeche.com\/wp-content\/uploads\/2021\/06\/chataignes-1-680x1024.jpg\" alt=\"\" class=\"wp-image-839\" srcset=\"https:\/\/gite-alrassets-ardeche.com\/wp-content\/uploads\/2021\/06\/chataignes-1-680x1024.jpg 680w, https:\/\/gite-alrassets-ardeche.com\/wp-content\/uploads\/2021\/06\/chataignes-1-199x300.jpg 199w, https:\/\/gite-alrassets-ardeche.com\/wp-content\/uploads\/2021\/06\/chataignes-1-768x1156.jpg 768w, https:\/\/gite-alrassets-ardeche.com\/wp-content\/uploads\/2021\/06\/chataignes-1-1021x1536.jpg 1021w, https:\/\/gite-alrassets-ardeche.com\/wp-content\/uploads\/2021\/06\/chataignes-1-1361x2048.jpg 1361w, https:\/\/gite-alrassets-ardeche.com\/wp-content\/uploads\/2021\/06\/chataignes-1-scaled.jpg 1701w\" sizes=\"auto, (max-width: 680px) 100vw, 680px\" \/><\/figure>\n<\/div>\n\n\n\n<div class=\"wp-block-column is-layout-flow wp-block-column-is-layout-flow\">\n<figure class=\"wp-block-image size-large\"><img loading=\"lazy\" decoding=\"async\" width=\"680\" height=\"1024\" src=\"https:\/\/gite-alrassets-ardeche.com\/wp-content\/uploads\/2021\/06\/sureau-680x1024.jpg\" alt=\"\" class=\"wp-image-835\" srcset=\"https:\/\/gite-alrassets-ardeche.com\/wp-content\/uploads\/2021\/06\/sureau-680x1024.jpg 680w, https:\/\/gite-alrassets-ardeche.com\/wp-content\/uploads\/2021\/06\/sureau-199x300.jpg 199w, https:\/\/gite-alrassets-ardeche.com\/wp-content\/uploads\/2021\/06\/sureau-768x1156.jpg 768w, https:\/\/gite-alrassets-ardeche.com\/wp-content\/uploads\/2021\/06\/sureau-1021x1536.jpg 1021w, https:\/\/gite-alrassets-ardeche.com\/wp-content\/uploads\/2021\/06\/sureau-1361x2048.jpg 1361w, https:\/\/gite-alrassets-ardeche.com\/wp-content\/uploads\/2021\/06\/sureau-scaled.jpg 1701w\" sizes=\"auto, (max-width: 680px) 100vw, 680px\" \/><\/figure>\n<\/div>\n<\/div>\n\n\n\n<figure class=\"wp-block-image\"><img loading=\"lazy\" decoding=\"async\" width=\"850\" height=\"234\" src=\"http:\/\/gite-alrassets-ardeche.com\/wp-content\/uploads\/2019\/06\/alrassetspaysage.jpg\" alt=\"\" class=\"wp-image-185\" srcset=\"https:\/\/gite-alrassets-ardeche.com\/wp-content\/uploads\/2019\/06\/alrassetspaysage.jpg 850w, https:\/\/gite-alrassets-ardeche.com\/wp-content\/uploads\/2019\/06\/alrassetspaysage-300x83.jpg 300w, https:\/\/gite-alrassets-ardeche.com\/wp-content\/uploads\/2019\/06\/alrassetspaysage-768x211.jpg 768w\" sizes=\"auto, (max-width: 850px) 100vw, 850px\" \/><figcaption class=\"wp-element-caption\">Les Alrassets<\/figcaption><\/figure>\n\n\n<div class=\"wp-block-image\">\n<figure class=\"alignleft is-resized\"><img loading=\"lazy\" decoding=\"async\" src=\"http:\/\/gite-alrassets-ardeche.com\/wp-content\/uploads\/2019\/06\/20121028_173431.jpg\" alt=\"\" class=\"wp-image-189\" style=\"width:261px;height:348px\" width=\"261\" height=\"348\" srcset=\"https:\/\/gite-alrassets-ardeche.com\/wp-content\/uploads\/2019\/06\/20121028_173431.jpg 360w, https:\/\/gite-alrassets-ardeche.com\/wp-content\/uploads\/2019\/06\/20121028_173431-225x300.jpg 225w\" sizes=\"auto, (max-width: 261px) 100vw, 261px\" \/><\/figure>\n<\/div>\n\n\n<figure class=\"wp-block-gallery has-nested-images columns-default wp-block-gallery-1 is-layout-flex wp-block-gallery-is-layout-flex\">\n<figure class=\"wp-block-image size-full\"><img loading=\"lazy\" decoding=\"async\" width=\"575\" height=\"1024\" data-id=\"190\" src=\"https:\/\/gite-alrassets-ardeche.com\/wp-content\/uploads\/2019\/06\/Cecile-Basilic-575x1024.jpg\" alt=\"La culture du basilic pour le pistou\" class=\"wp-image-190\" style=\"aspect-ratio:3\/2;object-fit:cover\" srcset=\"https:\/\/gite-alrassets-ardeche.com\/wp-content\/uploads\/2019\/06\/Cecile-Basilic-575x1024.jpg 575w, https:\/\/gite-alrassets-ardeche.com\/wp-content\/uploads\/2019\/06\/Cecile-Basilic-575x1024-168x300.jpg 168w\" sizes=\"auto, (max-width: 575px) 100vw, 575px\" \/><figcaption class=\"wp-element-caption\">Le basilic<\/figcaption><\/figure>\n\n\n\n<figure class=\"wp-block-image size-large\"><img loading=\"lazy\" decoding=\"async\" width=\"1024\" height=\"768\" data-id=\"203\" src=\"https:\/\/gite-alrassets-ardeche.com\/wp-content\/uploads\/2019\/06\/IMG_3474-1024x768-1024x768.jpg\" alt=\"\" class=\"wp-image-203\" srcset=\"https:\/\/gite-alrassets-ardeche.com\/wp-content\/uploads\/2019\/06\/IMG_3474-1024x768.jpg 1024w, https:\/\/gite-alrassets-ardeche.com\/wp-content\/uploads\/2019\/06\/IMG_3474-1024x768-300x225.jpg 300w, https:\/\/gite-alrassets-ardeche.com\/wp-content\/uploads\/2019\/06\/IMG_3474-1024x768-768x576.jpg 768w\" sizes=\"auto, (max-width: 1024px) 100vw, 1024px\" \/><figcaption class=\"wp-element-caption\">Les confitures, les sirops<\/figcaption><\/figure>\n<\/figure>\n\n\n\n<figure class=\"wp-block-image is-resized\"><img loading=\"lazy\" decoding=\"async\" src=\"http:\/\/gite-alrassets-ardeche.com\/wp-content\/uploads\/2019\/06\/20121029_113923.jpg\" alt=\"\" class=\"wp-image-186\" style=\"width:597px;height:448px\" width=\"597\" height=\"448\" srcset=\"https:\/\/gite-alrassets-ardeche.com\/wp-content\/uploads\/2019\/06\/20121029_113923.jpg 640w, https:\/\/gite-alrassets-ardeche.com\/wp-content\/uploads\/2019\/06\/20121029_113923-300x225.jpg 300w\" sizes=\"auto, (max-width: 597px) 100vw, 597px\" \/><figcaption class=\"wp-element-caption\">Le ramassage des ch\u00e2taignes <\/figcaption><\/figure>\n\n\n\n<figure class=\"wp-block-image is-resized\"><img loading=\"lazy\" decoding=\"async\" src=\"http:\/\/gite-alrassets-ardeche.com\/wp-content\/uploads\/2019\/06\/20121029_120241.jpg\" alt=\"\" class=\"wp-image-187\" style=\"width:597px;height:448px\" width=\"597\" height=\"448\" srcset=\"https:\/\/gite-alrassets-ardeche.com\/wp-content\/uploads\/2019\/06\/20121029_120241.jpg 640w, https:\/\/gite-alrassets-ardeche.com\/wp-content\/uploads\/2019\/06\/20121029_120241-300x225.jpg 300w\" sizes=\"auto, (max-width: 597px) 100vw, 597px\" \/><figcaption class=\"wp-element-caption\">\u00c7\u00e0 fait du bien de s&rsquo;assoir !<\/figcaption><\/figure>\n\n\n<div class=\"wp-block-image\">\n<figure class=\"aligncenter is-resized\"><img loading=\"lazy\" decoding=\"async\" src=\"http:\/\/gite-alrassets-ardeche.com\/wp-content\/uploads\/2019\/06\/IMG_3451-300x225.jpg\" alt=\"\" class=\"wp-image-188\" style=\"width:253px;height:190px\" width=\"253\" height=\"190\"\/><\/figure>\n<\/div>","protected":false},"excerpt":{"rendered":"<p>Alain et C\u00e9cile sont agriculteurs depuis 20 ans et ont d\u00e9velopp\u00e9 leur agriculture autour de la ch\u00e2taigne \u00ab\u00a0l&rsquo;arbre \u00e0 pain ard\u00e9chois\u00a0\u00bb et de tous les produits d\u00e9riv\u00e9s de la ch\u00e2taigne les arbres fruitiers et les petits fruits.C\u00e9cile est confituri\u00e8re et transforme tous les fruits de l&rsquo;exploitation en produits divers : confitures, sirops, pistou&#8230; La ch\u00e2taigne&hellip;&nbsp;<a href=\"https:\/\/gite-alrassets-ardeche.com\/index.php\/blog\/\" rel=\"bookmark\">Lire la suite &raquo;<span class=\"screen-reader-text\">Nos Produits<\/span><\/a><\/p>\n","protected":false},"author":1,"featured_media":0,"parent":0,"menu_order":0,"comment_status":"closed","ping_status":"closed","template":"","meta":{"neve_meta_sidebar":"","neve_meta_container":"","neve_meta_enable_content_width":"","neve_meta_content_width":0,"neve_meta_title_alignment":"center","neve_meta_author_avatar":"","neve_post_elements_order":"","neve_meta_disable_header":"","neve_meta_disable_footer":"","neve_meta_disable_title":"","footnotes":""},"class_list":["post-11","page","type-page","status-publish","hentry"],"yoast_head":"<!-- This site is optimized with the Yoast SEO plugin v27.4 - https:\/\/yoast.com\/product\/yoast-seo-wordpress\/ -->\n<title>Nos Produits - Les alrassets<\/title>\n<meta name=\"description\" content=\"%gite les alrassets coin de paradis se ressourcer paisible\" \/>\n<meta name=\"robots\" content=\"index, follow, max-snippet:-1, max-image-preview:large, max-video-preview:-1\" \/>\n<link rel=\"canonical\" href=\"https:\/\/gite-alrassets-ardeche.com\/index.php\/blog\/\" \/>\n<meta property=\"og:locale\" content=\"fr_FR\" \/>\n<meta property=\"og:type\" content=\"article\" \/>\n<meta property=\"og:title\" content=\"Nos Produits - Les alrassets\" \/>\n<meta property=\"og:description\" content=\"%gite les alrassets coin de paradis se ressourcer paisible\" \/>\n<meta property=\"og:url\" content=\"https:\/\/gite-alrassets-ardeche.com\/index.php\/blog\/\" \/>\n<meta property=\"og:site_name\" content=\"Les alrassets\" \/>\n<meta property=\"article:modified_time\" content=\"2023-08-29T21:11:11+00:00\" \/>\n<meta property=\"og:image\" content=\"https:\/\/gite-alrassets-ardeche.com\/wp-content\/uploads\/2023\/08\/DSC03259-680x1024corrige.jpg\" \/>\n<meta name=\"twitter:card\" content=\"summary_large_image\" \/>\n<meta name=\"twitter:label1\" content=\"Dur\u00e9e de lecture estim\u00e9e\" \/>\n\t<meta name=\"twitter:data1\" content=\"4 minutes\" \/>\n<script type=\"application\/ld+json\" class=\"yoast-schema-graph\">{\"@context\":\"https:\\\/\\\/schema.org\",\"@graph\":[{\"@type\":\"WebPage\",\"@id\":\"https:\\\/\\\/gite-alrassets-ardeche.com\\\/index.php\\\/blog\\\/\",\"url\":\"https:\\\/\\\/gite-alrassets-ardeche.com\\\/index.php\\\/blog\\\/\",\"name\":\"Nos Produits - Les alrassets\",\"isPartOf\":{\"@id\":\"https:\\\/\\\/gite-alrassets-ardeche.com\\\/#website\"},\"primaryImageOfPage\":{\"@id\":\"https:\\\/\\\/gite-alrassets-ardeche.com\\\/index.php\\\/blog\\\/#primaryimage\"},\"image\":{\"@id\":\"https:\\\/\\\/gite-alrassets-ardeche.com\\\/index.php\\\/blog\\\/#primaryimage\"},\"thumbnailUrl\":\"https:\\\/\\\/gite-alrassets-ardeche.com\\\/wp-content\\\/uploads\\\/2023\\\/08\\\/DSC03259-680x1024corrige.jpg\",\"datePublished\":\"2022-04-03T15:12:19+00:00\",\"dateModified\":\"2023-08-29T21:11:11+00:00\",\"description\":\"%gite les alrassets coin de paradis se ressourcer paisible\",\"breadcrumb\":{\"@id\":\"https:\\\/\\\/gite-alrassets-ardeche.com\\\/index.php\\\/blog\\\/#breadcrumb\"},\"inLanguage\":\"fr-FR\",\"potentialAction\":[{\"@type\":\"ReadAction\",\"target\":[\"https:\\\/\\\/gite-alrassets-ardeche.com\\\/index.php\\\/blog\\\/\"]}]},{\"@type\":\"ImageObject\",\"inLanguage\":\"fr-FR\",\"@id\":\"https:\\\/\\\/gite-alrassets-ardeche.com\\\/index.php\\\/blog\\\/#primaryimage\",\"url\":\"https:\\\/\\\/gite-alrassets-ardeche.com\\\/wp-content\\\/uploads\\\/2023\\\/08\\\/DSC03259-680x1024corrige.jpg\",\"contentUrl\":\"https:\\\/\\\/gite-alrassets-ardeche.com\\\/wp-content\\\/uploads\\\/2023\\\/08\\\/DSC03259-680x1024corrige.jpg\",\"width\":680,\"height\":1024},{\"@type\":\"BreadcrumbList\",\"@id\":\"https:\\\/\\\/gite-alrassets-ardeche.com\\\/index.php\\\/blog\\\/#breadcrumb\",\"itemListElement\":[{\"@type\":\"ListItem\",\"position\":1,\"name\":\"Accueil\",\"item\":\"https:\\\/\\\/gite-alrassets-ardeche.com\\\/\"},{\"@type\":\"ListItem\",\"position\":2,\"name\":\"Nos Produits\"}]},{\"@type\":\"WebSite\",\"@id\":\"https:\\\/\\\/gite-alrassets-ardeche.com\\\/#website\",\"url\":\"https:\\\/\\\/gite-alrassets-ardeche.com\\\/\",\"name\":\"gite-alrassets-ardeche\",\"description\":\"\",\"publisher\":{\"@id\":\"https:\\\/\\\/gite-alrassets-ardeche.com\\\/#organization\"},\"potentialAction\":[{\"@type\":\"SearchAction\",\"target\":{\"@type\":\"EntryPoint\",\"urlTemplate\":\"https:\\\/\\\/gite-alrassets-ardeche.com\\\/?s={search_term_string}\"},\"query-input\":{\"@type\":\"PropertyValueSpecification\",\"valueRequired\":true,\"valueName\":\"search_term_string\"}}],\"inLanguage\":\"fr-FR\"},{\"@type\":\"Organization\",\"@id\":\"https:\\\/\\\/gite-alrassets-ardeche.com\\\/#organization\",\"name\":\"Les Alrassets - G\u00eete Rural\",\"url\":\"https:\\\/\\\/gite-alrassets-ardeche.com\\\/\",\"logo\":{\"@type\":\"ImageObject\",\"inLanguage\":\"fr-FR\",\"@id\":\"https:\\\/\\\/gite-alrassets-ardeche.com\\\/#\\\/schema\\\/logo\\\/image\\\/\",\"url\":\"https:\\\/\\\/gite-alrassets-ardeche.com\\\/wp-content\\\/uploads\\\/2019\\\/06\\\/Icon-Gite110619.jpg\",\"contentUrl\":\"https:\\\/\\\/gite-alrassets-ardeche.com\\\/wp-content\\\/uploads\\\/2019\\\/06\\\/Icon-Gite110619.jpg\",\"width\":150,\"height\":150,\"caption\":\"Les Alrassets - G\u00eete Rural\"},\"image\":{\"@id\":\"https:\\\/\\\/gite-alrassets-ardeche.com\\\/#\\\/schema\\\/logo\\\/image\\\/\"}}]}<\/script>\n<!-- \/ Yoast SEO plugin. -->","yoast_head_json":{"title":"Nos Produits - Les alrassets","description":"%gite les alrassets coin de paradis se ressourcer paisible","robots":{"index":"index","follow":"follow","max-snippet":"max-snippet:-1","max-image-preview":"max-image-preview:large","max-video-preview":"max-video-preview:-1"},"canonical":"https:\/\/gite-alrassets-ardeche.com\/index.php\/blog\/","og_locale":"fr_FR","og_type":"article","og_title":"Nos Produits - Les alrassets","og_description":"%gite les alrassets coin de paradis se ressourcer paisible","og_url":"https:\/\/gite-alrassets-ardeche.com\/index.php\/blog\/","og_site_name":"Les alrassets","article_modified_time":"2023-08-29T21:11:11+00:00","og_image":[{"url":"https:\/\/gite-alrassets-ardeche.com\/wp-content\/uploads\/2023\/08\/DSC03259-680x1024corrige.jpg","type":"","width":"","height":""}],"twitter_card":"summary_large_image","twitter_misc":{"Dur\u00e9e de lecture estim\u00e9e":"4 minutes"},"schema":{"@context":"https:\/\/schema.org","@graph":[{"@type":"WebPage","@id":"https:\/\/gite-alrassets-ardeche.com\/index.php\/blog\/","url":"https:\/\/gite-alrassets-ardeche.com\/index.php\/blog\/","name":"Nos Produits - Les alrassets","isPartOf":{"@id":"https:\/\/gite-alrassets-ardeche.com\/#website"},"primaryImageOfPage":{"@id":"https:\/\/gite-alrassets-ardeche.com\/index.php\/blog\/#primaryimage"},"image":{"@id":"https:\/\/gite-alrassets-ardeche.com\/index.php\/blog\/#primaryimage"},"thumbnailUrl":"https:\/\/gite-alrassets-ardeche.com\/wp-content\/uploads\/2023\/08\/DSC03259-680x1024corrige.jpg","datePublished":"2022-04-03T15:12:19+00:00","dateModified":"2023-08-29T21:11:11+00:00","description":"%gite les alrassets coin de paradis se ressourcer paisible","breadcrumb":{"@id":"https:\/\/gite-alrassets-ardeche.com\/index.php\/blog\/#breadcrumb"},"inLanguage":"fr-FR","potentialAction":[{"@type":"ReadAction","target":["https:\/\/gite-alrassets-ardeche.com\/index.php\/blog\/"]}]},{"@type":"ImageObject","inLanguage":"fr-FR","@id":"https:\/\/gite-alrassets-ardeche.com\/index.php\/blog\/#primaryimage","url":"https:\/\/gite-alrassets-ardeche.com\/wp-content\/uploads\/2023\/08\/DSC03259-680x1024corrige.jpg","contentUrl":"https:\/\/gite-alrassets-ardeche.com\/wp-content\/uploads\/2023\/08\/DSC03259-680x1024corrige.jpg","width":680,"height":1024},{"@type":"BreadcrumbList","@id":"https:\/\/gite-alrassets-ardeche.com\/index.php\/blog\/#breadcrumb","itemListElement":[{"@type":"ListItem","position":1,"name":"Accueil","item":"https:\/\/gite-alrassets-ardeche.com\/"},{"@type":"ListItem","position":2,"name":"Nos Produits"}]},{"@type":"WebSite","@id":"https:\/\/gite-alrassets-ardeche.com\/#website","url":"https:\/\/gite-alrassets-ardeche.com\/","name":"gite-alrassets-ardeche","description":"","publisher":{"@id":"https:\/\/gite-alrassets-ardeche.com\/#organization"},"potentialAction":[{"@type":"SearchAction","target":{"@type":"EntryPoint","urlTemplate":"https:\/\/gite-alrassets-ardeche.com\/?s={search_term_string}"},"query-input":{"@type":"PropertyValueSpecification","valueRequired":true,"valueName":"search_term_string"}}],"inLanguage":"fr-FR"},{"@type":"Organization","@id":"https:\/\/gite-alrassets-ardeche.com\/#organization","name":"Les Alrassets - G\u00eete Rural","url":"https:\/\/gite-alrassets-ardeche.com\/","logo":{"@type":"ImageObject","inLanguage":"fr-FR","@id":"https:\/\/gite-alrassets-ardeche.com\/#\/schema\/logo\/image\/","url":"https:\/\/gite-alrassets-ardeche.com\/wp-content\/uploads\/2019\/06\/Icon-Gite110619.jpg","contentUrl":"https:\/\/gite-alrassets-ardeche.com\/wp-content\/uploads\/2019\/06\/Icon-Gite110619.jpg","width":150,"height":150,"caption":"Les Alrassets - G\u00eete Rural"},"image":{"@id":"https:\/\/gite-alrassets-ardeche.com\/#\/schema\/logo\/image\/"}}]}},"_links":{"self":[{"href":"https:\/\/gite-alrassets-ardeche.com\/index.php\/wp-json\/wp\/v2\/pages\/11","targetHints":{"allow":["GET"]}}],"collection":[{"href":"https:\/\/gite-alrassets-ardeche.com\/index.php\/wp-json\/wp\/v2\/pages"}],"about":[{"href":"https:\/\/gite-alrassets-ardeche.com\/index.php\/wp-json\/wp\/v2\/types\/page"}],"author":[{"embeddable":true,"href":"https:\/\/gite-alrassets-ardeche.com\/index.php\/wp-json\/wp\/v2\/users\/1"}],"replies":[{"embeddable":true,"href":"https:\/\/gite-alrassets-ardeche.com\/index.php\/wp-json\/wp\/v2\/comments?post=11"}],"version-history":[{"count":25,"href":"https:\/\/gite-alrassets-ardeche.com\/index.php\/wp-json\/wp\/v2\/pages\/11\/revisions"}],"predecessor-version":[{"id":923,"href":"https:\/\/gite-alrassets-ardeche.com\/index.php\/wp-json\/wp\/v2\/pages\/11\/revisions\/923"}],"wp:attachment":[{"href":"https:\/\/gite-alrassets-ardeche.com\/index.php\/wp-json\/wp\/v2\/media?parent=11"}],"curies":[{"name":"wp","href":"https:\/\/api.w.org\/{rel}","templated":true}]}}